{"id":181,"date":"2018-08-08T12:17:33","date_gmt":"2018-08-08T12:17:33","guid":{"rendered":"http:\/\/www.ipsoshealthcarecommunity.com\/?page_id=181"},"modified":"2018-12-04T23:06:01","modified_gmt":"2018-12-04T23:06:01","slug":"help","status":"publish","type":"page","link":"https:\/\/www.ipsoshealthcarecommunity.com\/de\/help\/","title":{"rendered":"Hilfe"},"content":{"rendered":"\t\t\t\t\t\t<style>\r\n\t\t\t\t<style>\r\n#wpsm_accordion_761 .wpsm_panel-heading{\r\n\tpadding:0px !important;\r\n}\r\n#wpsm_accordion_761 .wpsm_panel-title {\r\n\tmargin:0px !important; \r\n\ttext-transform:none !important;\r\n\tline-height: 1 !important;\r\n}\r\n#wpsm_accordion_761 .wpsm_panel-title a{\r\n\ttext-decoration:none;\r\n\toverflow:hidden;\r\n\tdisplay:block;\r\n\tpadding:0px;\r\n\tfont-size: px !important;\r\n\tfont-family:  !important;\r\n\tcolor: !important;\r\n\tborder-bottom:0px !important;\r\n}\r\n\r\n#wpsm_accordion_761 .wpsm_panel-title a:focus {\r\noutline: 0px !important;\r\n}\r\n\r\n#wpsm_accordion_761 .wpsm_panel-title a:hover, #wpsm_accordion_761 .wpsm_panel-title a:focus {\r\n\tcolor: !important;\r\n}\r\n#wpsm_accordion_761 .acc-a{\r\n\tcolor:  !important;\r\n\tbackground-color: !important;\r\n\tborder-color: #ddd;\r\n}\r\n#wpsm_accordion_761 .wpsm_panel-default > .wpsm_panel-heading{\r\n\tcolor:  !important;\r\n\tbackground-color:  !important;\r\n\tborder-color:  !important;\r\n\tborder-top-left-radius: 0px;\r\n\tborder-top-right-radius: 0px;\r\n}\r\n#wpsm_accordion_761 .wpsm_panel-default {\r\n\t\tborder:0px solid transparent !important;\r\n\t}\r\n#wpsm_accordion_761 {\r\n\tmargin-bottom: 20px;\r\n\toverflow: hidden;\r\n\tfloat: none;\r\n\twidth: 100%;\r\n\tdisplay: block;\r\n}\r\n#wpsm_accordion_761 .ac_title_class{\r\n\tdisplay: block;\r\n\tpadding-top: 12px;\r\n\tpadding-bottom: 12px;\r\n\tpadding-left: 15px;\r\n\tpadding-right: 15px;\r\n}\r\n#wpsm_accordion_761  .wpsm_panel {\r\n\toverflow:hidden;\r\n\t-webkit-box-shadow: 0 0px 0px rgba(0, 0, 0, .05);\r\n\tbox-shadow: 0 0px 0px rgba(0, 0, 0, .05);\r\n\t\t\tborder-radius: 0px;\r\n\t}\r\n#wpsm_accordion_761  .wpsm_panel + .wpsm_panel {\r\n\t\tmargin-top: 0px;\r\n\t}\r\n#wpsm_accordion_761  .wpsm_panel-body{\r\n\tbackground-color: !important;\r\n\tcolor: !important;\r\n\tborder-top-color:  !important;\r\n\tfont-size:px !important;\r\n\tfont-family:  !important;\r\n\toverflow: hidden;\r\n\t\tborder: 2px solid transparent !important;\r\n\t}\r\n\r\n#wpsm_accordion_761 .ac_open_cl_icon{\r\n\tbackground-color: !important;\r\n\tcolor:  !important;\r\n\tfloat: !important;\r\n\tpadding-top: 12px !important;\r\n\tpadding-bottom: 12px !important;\r\n\tline-height: 1.0 !important;\r\n\tpadding-left: 15px !important;\r\n\tpadding-right: 15px !important;\r\n\tdisplay: inline-block !important;\r\n}\r\n\r\n<\/style>\t\r\n\t\t\t<\/style>\r\n\t\t\t<div class=\"wpsm_panel-group\" id=\"wpsm_accordion_761\" >\r\n\t\t\t\t\t\t\t\t\r\n\t\t\t\t\t<!-- Inner panel Start -->\r\n\t\t\t\t\t<div class=\"wpsm_panel wpsm_panel-default\">\r\n\t\t\t\t\t\t<div class=\"wpsm_panel-heading\" role=\"tab\" >\r\n\t\t\t\t\t\t  <h4 class=\"wpsm_panel-title\">\r\n\t\t\t\t\t\t\t<a  class=\"\"  data-toggle=\"collapse\" data-parent=\"\" href=\"javascript:void(0)\" data-target=\"#ac_761_collapse1\" onclick=\"do_resize()\">\r\n\t\t\t\t\t\t\t\t \r\n\t\t\t\t\t\t\t\t<span class=\"ac_title_class\">\r\n\t\t\t\t\t\t\t\t\tWas ist die IPSOS HEALTHCARE COMMUNITY?\t\t\t\t\t\t\t\t<\/span>\r\n\t\t\t\t\t\t\t<\/a>\r\n\t\t\t\t\t\t  <\/h4>\r\n\t\t\t\t\t\t<\/div>\r\n\t\t\t\t\t\t<div id=\"ac_761_collapse1\" class=\"wpsm_panel-collapse collapse \"  >\r\n\t\t\t\t\t\t  <div class=\"wpsm_panel-body\">\r\n\t\t\t\t\t\t\t<p>Zweck der Ipsos Healthcare Community ist es, eine einfache und effiziente Plattform f\u00fcr Sie einzurichten. \u00dcber diese Plattform k\u00f6nnen wir Sie \u00fcber Forschungsprojekte informieren, die f\u00fcr Sie relevant sein k\u00f6nnten, Sie zur Teilnahme an diesen Befragungen einladen und Ihnen auch die M\u00f6glichkeit geben, Ihre Pr\u00e4mien schneller und sicherer einzul\u00f6sen. Wir hoffen, dass Sie Ihre Erfahrungen mit der Ipsos Healthcare Community lohnenswert finden, und freuen uns auf Ihre Teilnahme an unseren Befragungen.<\/p>\t\t\t\t\t\t  <\/div>\r\n\t\t\t\t\t\t<\/div>\r\n\t\t\t\t\t<\/div>\r\n\t\t\t\t\t<!-- Inner panel End -->\r\n\t\t\t\t\t\r\n\t\t\t\t\t\t\t\t\r\n\t\t\t\t\t<!-- Inner panel Start -->\r\n\t\t\t\t\t<div class=\"wpsm_panel wpsm_panel-default\">\r\n\t\t\t\t\t\t<div class=\"wpsm_panel-heading\" role=\"tab\" >\r\n\t\t\t\t\t\t  <h4 class=\"wpsm_panel-title\">\r\n\t\t\t\t\t\t\t<a  class=\"collapsed\"  data-toggle=\"collapse\" data-parent=\"\" href=\"javascript:void(0)\" data-target=\"#ac_761_collapse2\" onclick=\"do_resize()\">\r\n\t\t\t\t\t\t\t\t \r\n\t\t\t\t\t\t\t\t<span class=\"ac_title_class\">\r\n\t\t\t\t\t\t\t\t\tWas passiert nach dem Ausf\u00fcllen der Registrierungsseite?\t\t\t\t\t\t\t\t<\/span>\r\n\t\t\t\t\t\t\t<\/a>\r\n\t\t\t\t\t\t  <\/h4>\r\n\t\t\t\t\t\t<\/div>\r\n\t\t\t\t\t\t<div id=\"ac_761_collapse2\" class=\"wpsm_panel-collapse collapse \"  >\r\n\t\t\t\t\t\t  <div class=\"wpsm_panel-body\">\r\n\t\t\t\t\t\t\t<p>Wenn Sie die Registrierungsseite ausgef\u00fcllt haben, erhalten Sie eine E-Mail zur Best\u00e4tigung. Diese E-Mail enth\u00e4lt einen Aktivierungslink, den Sie anklicken m\u00fcssen, um Ihre Mitgliedschaft bei der Ipsos Healthcare Community zu best\u00e4tigen.<\/p>\r\n<p>Wir werden Sie dann telefonisch oder per E-Mail kontaktieren, um Ihre Angaben zu \u00fcberpr\u00fcfen, einschlie\u00dflich Ihrer Zulassungs-\/Approbationsnummer und der eingescannten Unterlagen. Sobald wir Ihre Angaben gepr\u00fcft und best\u00e4tigt haben, erhalten Sie Zugriff auf Ihren Account und k\u00f6nnen an Befragungen teilnehmen.<\/p>\r\n\t\t\t\t\t\t  <\/div>\r\n\t\t\t\t\t\t<\/div>\r\n\t\t\t\t\t<\/div>\r\n\t\t\t\t\t<!-- Inner panel End -->\r\n\t\t\t\t\t\r\n\t\t\t\t\t\t\t\t\r\n\t\t\t\t\t<!-- Inner panel Start -->\r\n\t\t\t\t\t<div class=\"wpsm_panel wpsm_panel-default\">\r\n\t\t\t\t\t\t<div class=\"wpsm_panel-heading\" role=\"tab\" >\r\n\t\t\t\t\t\t  <h4 class=\"wpsm_panel-title\">\r\n\t\t\t\t\t\t\t<a  class=\"collapsed\"  data-toggle=\"collapse\" data-parent=\"\" href=\"javascript:void(0)\" data-target=\"#ac_761_collapse3\" onclick=\"do_resize()\">\r\n\t\t\t\t\t\t\t\t \r\n\t\t\t\t\t\t\t\t<span class=\"ac_title_class\">\r\n\t\t\t\t\t\t\t\t\tWie kann ich beitreten?\t\t\t\t\t\t\t\t<\/span>\r\n\t\t\t\t\t\t\t<\/a>\r\n\t\t\t\t\t\t  <\/h4>\r\n\t\t\t\t\t\t<\/div>\r\n\t\t\t\t\t\t<div id=\"ac_761_collapse3\" class=\"wpsm_panel-collapse collapse \"  >\r\n\t\t\t\t\t\t  <div class=\"wpsm_panel-body\">\r\n\t\t\t\t\t\t\t<p>Sobald Sie die Registrierungsseite ausgef\u00fcllt haben, senden wir Ihnen an die von Ihnen angegebene E-Mail-Adresse einen Aktivierungslink. Diesen Link m\u00fcssen Sie dann anklicken, um die Anmeldung abzuschlie\u00dfen und Ihren Account zu aktivieren.<\/p>\t\t\t\t\t\t  <\/div>\r\n\t\t\t\t\t\t<\/div>\r\n\t\t\t\t\t<\/div>\r\n\t\t\t\t\t<!-- Inner panel End -->\r\n\t\t\t\t\t\r\n\t\t\t\t\t\t\t\t\r\n\t\t\t\t\t<!-- Inner panel Start -->\r\n\t\t\t\t\t<div class=\"wpsm_panel wpsm_panel-default\">\r\n\t\t\t\t\t\t<div class=\"wpsm_panel-heading\" role=\"tab\" >\r\n\t\t\t\t\t\t  <h4 class=\"wpsm_panel-title\">\r\n\t\t\t\t\t\t\t<a  class=\"collapsed\"  data-toggle=\"collapse\" data-parent=\"\" href=\"javascript:void(0)\" data-target=\"#ac_761_collapse4\" onclick=\"do_resize()\">\r\n\t\t\t\t\t\t\t\t \r\n\t\t\t\t\t\t\t\t<span class=\"ac_title_class\">\r\n\t\t\t\t\t\t\t\t\tIch habe keine Zulassungsnummer.\t\t\t\t\t\t\t\t<\/span>\r\n\t\t\t\t\t\t\t<\/a>\r\n\t\t\t\t\t\t  <\/h4>\r\n\t\t\t\t\t\t<\/div>\r\n\t\t\t\t\t\t<div id=\"ac_761_collapse4\" class=\"wpsm_panel-collapse collapse \"  >\r\n\t\t\t\t\t\t  <div class=\"wpsm_panel-body\">\r\n\t\t\t\t\t\t\t<p>Bei der Anmeldung f\u00fcr unser Panel werden Sie aufgefordert, als Identit\u00e4tsnachweis Ihre \u00e4rztliche Zulassungs-\/Approbationsnummer anzugeben.<\/p>\r\n<p>Wenn Sie keine solche Nummer haben, wird unser Support Sie kontaktieren und Ihnen mitteilen, welche zus\u00e4tzlichen Informationen erforderlich sind, um den Verifizierungsprozess abzuschlie\u00dfen.<\/p>\t\t\t\t\t\t  <\/div>\r\n\t\t\t\t\t\t<\/div>\r\n\t\t\t\t\t<\/div>\r\n\t\t\t\t\t<!-- Inner panel End -->\r\n\t\t\t\t\t\r\n\t\t\t\t\t\t\t\t\r\n\t\t\t\t\t<!-- Inner panel Start -->\r\n\t\t\t\t\t<div class=\"wpsm_panel wpsm_panel-default\">\r\n\t\t\t\t\t\t<div class=\"wpsm_panel-heading\" role=\"tab\" >\r\n\t\t\t\t\t\t  <h4 class=\"wpsm_panel-title\">\r\n\t\t\t\t\t\t\t<a  class=\"collapsed\"  data-toggle=\"collapse\" data-parent=\"\" href=\"javascript:void(0)\" data-target=\"#ac_761_collapse5\" onclick=\"do_resize()\">\r\n\t\t\t\t\t\t\t\t \r\n\t\t\t\t\t\t\t\t<span class=\"ac_title_class\">\r\n\t\t\t\t\t\t\t\t\tSind meine personenbezogenen Daten sicher?\t\t\t\t\t\t\t\t<\/span>\r\n\t\t\t\t\t\t\t<\/a>\r\n\t\t\t\t\t\t  <\/h4>\r\n\t\t\t\t\t\t<\/div>\r\n\t\t\t\t\t\t<div id=\"ac_761_collapse5\" class=\"wpsm_panel-collapse collapse \"  >\r\n\t\t\t\t\t\t  <div class=\"wpsm_panel-body\">\r\n\t\t\t\t\t\t\t<p>IPSOS liegt der Schutz der Daten seiner Panelteilnehmer sehr am Herzen.<\/p>\r\n<p>Die Daten, die Sie uns im Rahmen der Anmeldung f\u00fcr die Ipsos Healthcare Community zur Verf\u00fcgung stellen, erm\u00f6glichen es uns, Sie zu f\u00fcr Sie relevanten Befragungen einzuladen und Sie f\u00fcr Ihren Aufwand zu entsch\u00e4digen.<\/p>\r\n<p>Klicken Sie bitte auf die entsprechenden Links, um unsere vollst\u00e4ndige <a href=\"https:\/\/www.hcscommunity.com\/IMG\/HCS_PP_DE.html\" rel=\"noopener\" target=\"_blank\">Datenschutzerkl\u00e4rung<\/a> und unsere <a href=\"https:\/\/www.hcscommunity.com\/IMG\/HCS_TC_DE.html\" rel=\"noopener\" target=\"_blank\">Allgemeinen Gesch\u00e4ftsbedingungen<\/a> einzusehen. Diese Links finden Sie auch in unserem Mitgliederportal der Ipsos Healthcare Community sowie in unseren Einladungen.<\/p>\t\t\t\t\t\t  <\/div>\r\n\t\t\t\t\t\t<\/div>\r\n\t\t\t\t\t<\/div>\r\n\t\t\t\t\t<!-- Inner panel End -->\r\n\t\t\t\t\t\r\n\t\t\t\t\t\t\t\t\r\n\t\t\t\t\t<!-- Inner panel Start -->\r\n\t\t\t\t\t<div class=\"wpsm_panel wpsm_panel-default\">\r\n\t\t\t\t\t\t<div class=\"wpsm_panel-heading\" role=\"tab\" >\r\n\t\t\t\t\t\t  <h4 class=\"wpsm_panel-title\">\r\n\t\t\t\t\t\t\t<a  class=\"collapsed\"  data-toggle=\"collapse\" data-parent=\"\" href=\"javascript:void(0)\" data-target=\"#ac_761_collapse6\" onclick=\"do_resize()\">\r\n\t\t\t\t\t\t\t\t \r\n\t\t\t\t\t\t\t\t<span class=\"ac_title_class\">\r\n\t\t\t\t\t\t\t\t\tWann kann ich an der ersten Befragung teilnehmen?\t\t\t\t\t\t\t\t<\/span>\r\n\t\t\t\t\t\t\t<\/a>\r\n\t\t\t\t\t\t  <\/h4>\r\n\t\t\t\t\t\t<\/div>\r\n\t\t\t\t\t\t<div id=\"ac_761_collapse6\" class=\"wpsm_panel-collapse collapse \"  >\r\n\t\t\t\t\t\t  <div class=\"wpsm_panel-body\">\r\n\t\t\t\t\t\t\t<p>Sobald Ihre Teilnehmerinformationen best\u00e4tigt wurden und Ihr Teilnehmer-Account aktiviert ist, werden Sie bei Verf\u00fcgbarkeit von Befragungen, die in Ihren Fachbereich fallen, Einladungen zur Teilnahme an diesen Befragungen erhalten.<\/p>\t\t\t\t\t\t  <\/div>\r\n\t\t\t\t\t\t<\/div>\r\n\t\t\t\t\t<\/div>\r\n\t\t\t\t\t<!-- Inner panel End -->\r\n\t\t\t\t\t\r\n\t\t\t\t\t\t\t\t\r\n\t\t\t\t\t<!-- Inner panel Start -->\r\n\t\t\t\t\t<div class=\"wpsm_panel wpsm_panel-default\">\r\n\t\t\t\t\t\t<div class=\"wpsm_panel-heading\" role=\"tab\" >\r\n\t\t\t\t\t\t  <h4 class=\"wpsm_panel-title\">\r\n\t\t\t\t\t\t\t<a  class=\"collapsed\"  data-toggle=\"collapse\" data-parent=\"\" href=\"javascript:void(0)\" data-target=\"#ac_761_collapse7\" onclick=\"do_resize()\">\r\n\t\t\t\t\t\t\t\t \r\n\t\t\t\t\t\t\t\t<span class=\"ac_title_class\">\r\n\t\t\t\t\t\t\t\t\tWie oft werde ich zur Teilnahme an Befragungen eingeladen?\t\t\t\t\t\t\t\t<\/span>\r\n\t\t\t\t\t\t\t<\/a>\r\n\t\t\t\t\t\t  <\/h4>\r\n\t\t\t\t\t\t<\/div>\r\n\t\t\t\t\t\t<div id=\"ac_761_collapse7\" class=\"wpsm_panel-collapse collapse \"  >\r\n\t\t\t\t\t\t  <div class=\"wpsm_panel-body\">\r\n\t\t\t\t\t\t\t<p>Wir werden Sie immer dann einladen, wenn Befragungen verf\u00fcgbar sind, die Ihren Interessen und Ihrem Fachwissen entsprechen.<\/p>\r\n<p>Sie k\u00f6nnen dann von praktisch jedem Computer mit Internetverbindung aus, sei es zu Hause oder bei der Arbeit, an diesen Befragungen teilnehmen. Sie sind in keiner Weise verpflichtet, an einer Befragung teilzunehmen.<\/p>\t\t\t\t\t\t  <\/div>\r\n\t\t\t\t\t\t<\/div>\r\n\t\t\t\t\t<\/div>\r\n\t\t\t\t\t<!-- Inner panel End -->\r\n\t\t\t\t\t\r\n\t\t\t\t\t\t\t\t\r\n\t\t\t\t\t<!-- Inner panel Start -->\r\n\t\t\t\t\t<div class=\"wpsm_panel wpsm_panel-default\">\r\n\t\t\t\t\t\t<div class=\"wpsm_panel-heading\" role=\"tab\" >\r\n\t\t\t\t\t\t  <h4 class=\"wpsm_panel-title\">\r\n\t\t\t\t\t\t\t<a  class=\"collapsed\"  data-toggle=\"collapse\" data-parent=\"\" href=\"javascript:void(0)\" data-target=\"#ac_761_collapse8\" onclick=\"do_resize()\">\r\n\t\t\t\t\t\t\t\t \r\n\t\t\t\t\t\t\t\t<span class=\"ac_title_class\">\r\n\t\t\t\t\t\t\t\t\tWie lange wird es dauern, bis ich meine Mastercard erhalte?\t\t\t\t\t\t\t\t<\/span>\r\n\t\t\t\t\t\t\t<\/a>\r\n\t\t\t\t\t\t  <\/h4>\r\n\t\t\t\t\t\t<\/div>\r\n\t\t\t\t\t\t<div id=\"ac_761_collapse8\" class=\"wpsm_panel-collapse collapse \"  >\r\n\t\t\t\t\t\t  <div class=\"wpsm_panel-body\">\r\n\t\t\t\t\t\t\t<p>Wenn Sie Ihren Promocode f\u00fcr Ihre Prepaid-Mastercard eingel\u00f6st haben:\r\n\r\n<ul>\r\n<li>Wenn Sie sich f\u00fcr eine virtuelle Karte entschieden haben, wird es etwa 5 bis 10 Werktage dauern, bis Ihre Pr\u00e4mie in Ihrem E-Mail-Postfach eingeht.<\/li>\r\n<li>Wenn Sie sich f\u00fcr eine physische Mastercard als Pr\u00e4mie entschieden haben, wird es etwa 4 bis 6 Wochen dauern, bis Ihnen die Pr\u00e4mie per Post zugestellt wird.<\/li>\r\n<\/ul><\/p>\t\t\t\t\t\t  <\/div>\r\n\t\t\t\t\t\t<\/div>\r\n\t\t\t\t\t<\/div>\r\n\t\t\t\t\t<!-- Inner panel End -->\r\n\t\t\t\t\t\r\n\t\t\t\t\t\t\t\t\r\n\t\t\t\t\t<!-- Inner panel Start -->\r\n\t\t\t\t\t<div class=\"wpsm_panel wpsm_panel-default\">\r\n\t\t\t\t\t\t<div class=\"wpsm_panel-heading\" role=\"tab\" >\r\n\t\t\t\t\t\t  <h4 class=\"wpsm_panel-title\">\r\n\t\t\t\t\t\t\t<a  class=\"collapsed\"  data-toggle=\"collapse\" data-parent=\"\" href=\"javascript:void(0)\" data-target=\"#ac_761_collapse9\" onclick=\"do_resize()\">\r\n\t\t\t\t\t\t\t\t \r\n\t\t\t\t\t\t\t\t<span class=\"ac_title_class\">\r\n\t\t\t\t\t\t\t\t\tIch habe keinen Zugriff auf das Portal, weil mein Passwort falsch ist.\t\t\t\t\t\t\t\t<\/span>\r\n\t\t\t\t\t\t\t<\/a>\r\n\t\t\t\t\t\t  <\/h4>\r\n\t\t\t\t\t\t<\/div>\r\n\t\t\t\t\t\t<div id=\"ac_761_collapse9\" class=\"wpsm_panel-collapse collapse \"  >\r\n\t\t\t\t\t\t  <div class=\"wpsm_panel-body\">\r\n\t\t\t\t\t\t\t<p>Wenn Sie sich im Portal der Ipsos Healthcare Community anmelden, m\u00fcssen Sie das Passwort f\u00fcr Ihren Teilnehmer-Account <u>exakt<\/u> so eingeben, wie es im System gespeichert ist. Bei dem Passwort f\u00fcr Ihren Account ist die Gro\u00df- und Kleinschreibung zu beachten, und Gro\u00dfbuchstaben m\u00fcssen auch als Gro\u00dfbuchstaben eingegeben werden.<\/p>\r\n<p>Falls Sie vergessen haben, wie Ihr Passwort in Ihrem Account hinterlegt ist, haben Sie folgende M\u00f6glichkeiten:\r\n<ul>\r\n<li>Klicken Sie auf der Startseite auf die Schaltfl\u00e4che \u201eIch habe mein Passwort vergessen\u201c oder<\/li>\r\n<li>wenden Sie sich unter <a href=\"mailto:Europe.Online@ipsos.com\">Europe.Online@ipsos.com<\/a> an unser Support-Team. Wir werden Ihnen dann eine E-Mail zum Zur\u00fccksetzen Ihres Passworts zusenden.<\/li>\r\n<\/ul>\r\n<\/p>\t\t\t\t\t\t  <\/div>\r\n\t\t\t\t\t\t<\/div>\r\n\t\t\t\t\t<\/div>\r\n\t\t\t\t\t<!-- Inner panel End -->\r\n\t\t\t\t\t\r\n\t\t\t\t\t\t\t\t\r\n\t\t\t\t\t<!-- Inner panel Start -->\r\n\t\t\t\t\t<div class=\"wpsm_panel wpsm_panel-default\">\r\n\t\t\t\t\t\t<div class=\"wpsm_panel-heading\" role=\"tab\" >\r\n\t\t\t\t\t\t  <h4 class=\"wpsm_panel-title\">\r\n\t\t\t\t\t\t\t<a  class=\"collapsed\"  data-toggle=\"collapse\" data-parent=\"\" href=\"javascript:void(0)\" data-target=\"#ac_761_collapse10\" onclick=\"do_resize()\">\r\n\t\t\t\t\t\t\t\t \r\n\t\t\t\t\t\t\t\t<span class=\"ac_title_class\">\r\n\t\t\t\t\t\t\t\t\tWie kann ich meinen Pr\u00e4mienstand einsehen?\t\t\t\t\t\t\t\t<\/span>\r\n\t\t\t\t\t\t\t<\/a>\r\n\t\t\t\t\t\t  <\/h4>\r\n\t\t\t\t\t\t<\/div>\r\n\t\t\t\t\t\t<div id=\"ac_761_collapse10\" class=\"wpsm_panel-collapse collapse \"  >\r\n\t\t\t\t\t\t  <div class=\"wpsm_panel-body\">\r\n\t\t\t\t\t\t\t<p>Wenn Sie sich \u00fcber das Mitgliederportal bei Ihrem Account f\u00fcr die Ipsos Healthcare Community angemeldet haben, k\u00f6nnen Sie Ihre ausstehenden Pr\u00e4mien auf der Seite \u201e<b>Pr\u00e4mien<\/b>\u201c einsehen. <\/p>\t\t\t\t\t\t  <\/div>\r\n\t\t\t\t\t\t<\/div>\r\n\t\t\t\t\t<\/div>\r\n\t\t\t\t\t<!-- Inner panel End -->\r\n\t\t\t\t\t\r\n\t\t\t\t\t\t\t\t\r\n\t\t\t\t\t<!-- Inner panel Start -->\r\n\t\t\t\t\t<div class=\"wpsm_panel wpsm_panel-default\">\r\n\t\t\t\t\t\t<div class=\"wpsm_panel-heading\" role=\"tab\" >\r\n\t\t\t\t\t\t  <h4 class=\"wpsm_panel-title\">\r\n\t\t\t\t\t\t\t<a  class=\"collapsed\"  data-toggle=\"collapse\" data-parent=\"\" href=\"javascript:void(0)\" data-target=\"#ac_761_collapse11\" onclick=\"do_resize()\">\r\n\t\t\t\t\t\t\t\t \r\n\t\t\t\t\t\t\t\t<span class=\"ac_title_class\">\r\n\t\t\t\t\t\t\t\t\tWeitere Informationen zu Ihrem Pr\u00e4miensystem\t\t\t\t\t\t\t\t<\/span>\r\n\t\t\t\t\t\t\t<\/a>\r\n\t\t\t\t\t\t  <\/h4>\r\n\t\t\t\t\t\t<\/div>\r\n\t\t\t\t\t\t<div id=\"ac_761_collapse11\" class=\"wpsm_panel-collapse collapse \"  >\r\n\t\t\t\t\t\t  <div class=\"wpsm_panel-body\">\r\n\t\t\t\t\t\t\t<p>Ihre Pr\u00e4mien werden Ihrem Account automatisch gutgeschrieben, wenn Sie eine Befragung abgeschlossen haben. Sie k\u00f6nnen dann w\u00e4hlen, ob Sie den Betrag sofort einl\u00f6sen oder weitere Geldpr\u00e4mien abwarten und diese zu einem sp\u00e4teren Zeitpunkt einl\u00f6sen m\u00f6chten.<\/p>\r\n<p>Wenn Sie Ihre Pr\u00e4mien einl\u00f6sen m\u00f6chten, gehen Sie bitte wie folgt vor:<ul>\r\n<li>Melden Sie sich \u00fcber unser Mitgliederportal bei Ihrem Account an. <\/li>\r\n<li>Klicken Sie auf \u201eMeine Pr\u00e4mien\u201c oder filtern Sie nach Kategorien, Marke oder Wert.<\/li>\r\n<li>W\u00e4hlen Sie dann in Ihrem Pr\u00e4mienkatalog eine der verf\u00fcgbaren Optionen aus.<\/li>\r\n<\/ul><\/p>\t\t\t\t\t\t  <\/div>\r\n\t\t\t\t\t\t<\/div>\r\n\t\t\t\t\t<\/div>\r\n\t\t\t\t\t<!-- Inner panel End -->\r\n\t\t\t\t\t\r\n\t\t\t\t\t\t\t\t\r\n\t\t\t\t\t<!-- Inner panel Start -->\r\n\t\t\t\t\t<div class=\"wpsm_panel wpsm_panel-default\">\r\n\t\t\t\t\t\t<div class=\"wpsm_panel-heading\" role=\"tab\" >\r\n\t\t\t\t\t\t  <h4 class=\"wpsm_panel-title\">\r\n\t\t\t\t\t\t\t<a  class=\"collapsed\"  data-toggle=\"collapse\" data-parent=\"\" href=\"javascript:void(0)\" data-target=\"#ac_761_collapse12\" onclick=\"do_resize()\">\r\n\t\t\t\t\t\t\t\t \r\n\t\t\t\t\t\t\t\t<span class=\"ac_title_class\">\r\n\t\t\t\t\t\t\t\t\tIch habe an einer Befragung teilgenommen, meine Pr\u00e4mie wird aber nicht in meinem Account angezeigt.\t\t\t\t\t\t\t\t<\/span>\r\n\t\t\t\t\t\t\t<\/a>\r\n\t\t\t\t\t\t  <\/h4>\r\n\t\t\t\t\t\t<\/div>\r\n\t\t\t\t\t\t<div id=\"ac_761_collapse12\" class=\"wpsm_panel-collapse collapse \"  >\r\n\t\t\t\t\t\t  <div class=\"wpsm_panel-body\">\r\n\t\t\t\t\t\t\t<p>Wenn Ihre Pr\u00e4mie nach Abschluss einer Befragung nicht in Ihrem Account angezeigt wird, wenden Sie sich bitte unter folgender E-Mail-Adresse an unser Support-Team: <a href=\"mailto:Europe.Online@ipsos.com\">Europe.Online@ipsos.com<\/a>.<\/p>\r\n<p>Geben Sie dabei bitte unbedingt die vollst\u00e4ndige Befragungsnummer an. Wir werden uns dann umgehend um das Problem k\u00fcmmern.<\/p>\t\t\t\t\t\t  <\/div>\r\n\t\t\t\t\t\t<\/div>\r\n\t\t\t\t\t<\/div>\r\n\t\t\t\t\t<!-- Inner panel End -->\r\n\t\t\t\t\t\r\n\t\t\t\t\t\t\t\t\r\n\t\t\t\t\t<!-- Inner panel Start -->\r\n\t\t\t\t\t<div class=\"wpsm_panel wpsm_panel-default\">\r\n\t\t\t\t\t\t<div class=\"wpsm_panel-heading\" role=\"tab\" >\r\n\t\t\t\t\t\t  <h4 class=\"wpsm_panel-title\">\r\n\t\t\t\t\t\t\t<a  class=\"collapsed\"  data-toggle=\"collapse\" data-parent=\"\" href=\"javascript:void(0)\" data-target=\"#ac_761_collapse13\" onclick=\"do_resize()\">\r\n\t\t\t\t\t\t\t\t \r\n\t\t\t\t\t\t\t\t<span class=\"ac_title_class\">\r\n\t\t\t\t\t\t\t\t\tWie kann ich meine Mitgliedschaft bei der Ipsos Healthcare Community beenden?\t\t\t\t\t\t\t\t<\/span>\r\n\t\t\t\t\t\t\t<\/a>\r\n\t\t\t\t\t\t  <\/h4>\r\n\t\t\t\t\t\t<\/div>\r\n\t\t\t\t\t\t<div id=\"ac_761_collapse13\" class=\"wpsm_panel-collapse collapse \"  >\r\n\t\t\t\t\t\t  <div class=\"wpsm_panel-body\">\r\n\t\t\t\t\t\t\t<p>Ihre Mitgliedschaft bei der Ipsos Healthcare Community ist zu jedem Zeitpunkt freiwillig.<\/p>\r\n<p>Wenn Sie nicht mehr an unseren Befragungen teilnehmen m\u00f6chten, gehen Sie bitte wie folgt vor:\r\n<ol>\r\n<li>Melden Sie sich bei Ihrem Account an.<\/li>\r\n<li>Klicken Sie auf \u201eProfil aktualisieren\u201c.<\/li>\r\n<li>Scrollen Sie bis zum Ende der Seite. <\/li>\r\n<li>Klicken Sie dann auf den Link \u201eHier klicken\u201c, um Ihre Mitgliedschaft zu beenden.<\/li>\r\n<\/ol>\r\n<\/p>\r\n<p>Alternativ k\u00f6nnen Sie sich auch unter folgender E-Mail-Adresse an unser Support-Team wenden und uns auf diese Weise mitteilen, dass Sie Ihre Mitgliedschaft beenden m\u00f6chten: <a href=\"mailto:Europe.Online@ipsos.com\">Europe.Online@ipsos.com<\/a>.<\/p>\r\n<p>Stellen Sie vor der Abmeldung bitte sicher, dass Sie alle ausstehenden Pr\u00e4mien in Ihrem Account eingel\u00f6st haben. Wenn Sie Ihren Account zu einem sp\u00e4teren Zeitpunkt wieder aktivieren m\u00f6chten, wenden Sie sich bitte unter folgender E-Mail-Adresse an unser Support-Team: <a href=\"mailto:Europe.Online@ipsos.com\">Europe.Online@ipsos.com<\/a>.<\/p>\t\t\t\t\t\t  <\/div>\r\n\t\t\t\t\t\t<\/div>\r\n\t\t\t\t\t<\/div>\r\n\t\t\t\t\t<!-- Inner panel End -->\r\n\t\t\t\t\t\r\n\t\t\t\t\t\t\t\t\r\n\t\t\t\t\t<!-- Inner panel Start -->\r\n\t\t\t\t\t<div class=\"wpsm_panel wpsm_panel-default\">\r\n\t\t\t\t\t\t<div class=\"wpsm_panel-heading\" role=\"tab\" >\r\n\t\t\t\t\t\t  <h4 class=\"wpsm_panel-title\">\r\n\t\t\t\t\t\t\t<a  class=\"collapsed\"  data-toggle=\"collapse\" data-parent=\"\" href=\"javascript:void(0)\" data-target=\"#ac_761_collapse14\" onclick=\"do_resize()\">\r\n\t\t\t\t\t\t\t\t \r\n\t\t\t\t\t\t\t\t<span class=\"ac_title_class\">\r\n\t\t\t\t\t\t\t\t\tIch kann keine Antwort auf meine Frage finden.\t\t\t\t\t\t\t\t<\/span>\r\n\t\t\t\t\t\t\t<\/a>\r\n\t\t\t\t\t\t  <\/h4>\r\n\t\t\t\t\t\t<\/div>\r\n\t\t\t\t\t\t<div id=\"ac_761_collapse14\" class=\"wpsm_panel-collapse collapse \"  >\r\n\t\t\t\t\t\t  <div class=\"wpsm_panel-body\">\r\n\t\t\t\t\t\t\t<p>Falls Sie weitere Fragen haben, die hier nicht beantwortet werden, k\u00f6nnen Sie sich gerne unter folgender E-Mail-Adresse an unser Support-Team wenden: <a href=\"mailto:europe.online@ipsos.com\">europe.online@ipsos.com<\/a>. <\/p>\t\t\t\t\t\t  <\/div>\r\n\t\t\t\t\t\t<\/div>\r\n\t\t\t\t\t<\/div>\r\n\t\t\t\t\t<!-- Inner panel End -->\r\n\t\t\t\t\t\r\n\t\t\t\t\t\t\t<\/div>\r\n\t\t\t\r\n<script type=\"text\/javascript\">\r\n\t\r\n\t\tfunction do_resize(){\r\n\r\n\t\t\tvar width=jQuery( '.wpsm_panel .wpsm_panel-body iframe' ).width();\r\n\t\t\tvar height=jQuery( '.wpsm_panel .wpsm_panel-body iframe' ).height();\r\n\r\n\t\t\tvar toggleSize = true;\r\n\t\t\tjQuery('iframe').animate({\r\n\t\t\t    width: toggleSize ? width : 640,\r\n\t\t\t    height: toggleSize ? height : 360\r\n\t\t\t  }, 250);\r\n\r\n\t\t\t  toggleSize = !toggleSize;\r\n\t\t}\r\n\t\t\r\n<\/script>\t\n","protected":false},"excerpt":{"rendered":"","protected":false},"author":2,"featured_media":0,"parent":0,"menu_order":0,"comment_status":"closed","ping_status":"closed","template":"","meta":{"site-sidebar-layout":"default","site-content-layout":"","ast-site-content-layout":"default","site-content-style":"default","site-sidebar-style":"default","ast-global-header-display":"","ast-banner-title-visibility":"","ast-main-header-display":"","ast-hfb-above-header-display":"","ast-hfb-below-header-display":"","ast-hfb-mobile-header-display":"","site-post-title":"","ast-breadcrumbs-content":"","ast-featured-img":"","footer-sml-layout":"","ast-disable-related-posts":"","theme-transparent-header-meta":"","adv-header-id-meta":"","stick-header-meta":"","header-above-stick-meta":"","header-main-stick-meta":"","header-below-stick-meta":"","astra-migrate-meta-layouts":"default","ast-page-background-enabled":"default","ast-page-background-meta":{"desktop":{"background-color":"var(--ast-global-color-5)","background-image":"","background-repeat":"repeat","background-position":"center center","background-size":"auto","background-attachment":"scroll","background-type":"","background-media":"","overlay-type":"","overlay-color":"","overlay-opacity":"","overlay-gradient":""},"tablet":{"background-color":"","background-image":"","background-repeat":"repeat","background-position":"center center","background-size":"auto","background-attachment":"scroll","background-type":"","background-media":"","overlay-type":"","overlay-color":"","overlay-opacity":"","overlay-gradient":""},"mobile":{"background-color":"","background-image":"","background-repeat":"repeat","background-position":"center center","background-size":"auto","background-attachment":"scroll","background-type":"","background-media":"","overlay-type":"","overlay-color":"","overlay-opacity":"","overlay-gradient":""}},"ast-content-background-meta":{"desktop":{"background-color":"var(--ast-global-color-4)","background-image":"","background-repeat":"repeat","background-position":"center center","background-size":"auto","background-attachment":"scroll","background-type":"","background-media":"","overlay-type":"","overlay-color":"","overlay-opacity":"","overlay-gradient":""},"tablet":{"background-color":"var(--ast-global-color-4)","background-image":"","background-repeat":"repeat","background-position":"center center","background-size":"auto","background-attachment":"scroll","background-type":"","background-media":"","overlay-type":"","overlay-color":"","overlay-opacity":"","overlay-gradient":""},"mobile":{"background-color":"var(--ast-global-color-4)","background-image":"","background-repeat":"repeat","background-position":"center center","background-size":"auto","background-attachment":"scroll","background-type":"","background-media":"","overlay-type":"","overlay-color":"","overlay-opacity":"","overlay-gradient":""}},"footnotes":""},"class_list":["post-181","page","type-page","status-publish","hentry"],"_links":{"self":[{"href":"https:\/\/www.ipsoshealthcarecommunity.com\/de\/wp-json\/wp\/v2\/pages\/181","targetHints":{"allow":["GET"]}}],"collection":[{"href":"https:\/\/www.ipsoshealthcarecommunity.com\/de\/wp-json\/wp\/v2\/pages"}],"about":[{"href":"https:\/\/www.ipsoshealthcarecommunity.com\/de\/wp-json\/wp\/v2\/types\/page"}],"author":[{"embeddable":true,"href":"https:\/\/www.ipsoshealthcarecommunity.com\/de\/wp-json\/wp\/v2\/users\/2"}],"replies":[{"embeddable":true,"href":"https:\/\/www.ipsoshealthcarecommunity.com\/de\/wp-json\/wp\/v2\/comments?post=181"}],"version-history":[{"count":4,"href":"https:\/\/www.ipsoshealthcarecommunity.com\/de\/wp-json\/wp\/v2\/pages\/181\/revisions"}],"predecessor-version":[{"id":781,"href":"https:\/\/www.ipsoshealthcarecommunity.com\/de\/wp-json\/wp\/v2\/pages\/181\/revisions\/781"}],"wp:attachment":[{"href":"https:\/\/www.ipsoshealthcarecommunity.com\/de\/wp-json\/wp\/v2\/media?parent=181"}],"curies":[{"name":"wp","href":"https:\/\/api.w.org\/{rel}","templated":true}]}}