{"id":188,"date":"2018-08-08T12:17:33","date_gmt":"2018-08-08T12:17:33","guid":{"rendered":"http:\/\/www.ipsoshealthcarecommunity.com\/?page_id=188"},"modified":"2018-12-04T23:03:32","modified_gmt":"2018-12-04T23:03:32","slug":"help","status":"publish","type":"page","link":"https:\/\/www.ipsoshealthcarecommunity.com\/es\/help\/","title":{"rendered":"Ayuda"},"content":{"rendered":"\t\t\t\t\t\t<style>\r\n\t\t\t\t<style>\r\n#wpsm_accordion_764 .wpsm_panel-heading{\r\n\tpadding:0px !important;\r\n}\r\n#wpsm_accordion_764 .wpsm_panel-title {\r\n\tmargin:0px !important; \r\n\ttext-transform:none !important;\r\n\tline-height: 1 !important;\r\n}\r\n#wpsm_accordion_764 .wpsm_panel-title a{\r\n\ttext-decoration:none;\r\n\toverflow:hidden;\r\n\tdisplay:block;\r\n\tpadding:0px;\r\n\tfont-size: px !important;\r\n\tfont-family:  !important;\r\n\tcolor: !important;\r\n\tborder-bottom:0px !important;\r\n}\r\n\r\n#wpsm_accordion_764 .wpsm_panel-title a:focus {\r\noutline: 0px !important;\r\n}\r\n\r\n#wpsm_accordion_764 .wpsm_panel-title a:hover, #wpsm_accordion_764 .wpsm_panel-title a:focus {\r\n\tcolor: !important;\r\n}\r\n#wpsm_accordion_764 .acc-a{\r\n\tcolor:  !important;\r\n\tbackground-color: !important;\r\n\tborder-color: #ddd;\r\n}\r\n#wpsm_accordion_764 .wpsm_panel-default > .wpsm_panel-heading{\r\n\tcolor:  !important;\r\n\tbackground-color:  !important;\r\n\tborder-color:  !important;\r\n\tborder-top-left-radius: 0px;\r\n\tborder-top-right-radius: 0px;\r\n}\r\n#wpsm_accordion_764 .wpsm_panel-default {\r\n\t\tborder:0px solid transparent !important;\r\n\t}\r\n#wpsm_accordion_764 {\r\n\tmargin-bottom: 20px;\r\n\toverflow: hidden;\r\n\tfloat: none;\r\n\twidth: 100%;\r\n\tdisplay: block;\r\n}\r\n#wpsm_accordion_764 .ac_title_class{\r\n\tdisplay: block;\r\n\tpadding-top: 12px;\r\n\tpadding-bottom: 12px;\r\n\tpadding-left: 15px;\r\n\tpadding-right: 15px;\r\n}\r\n#wpsm_accordion_764  .wpsm_panel {\r\n\toverflow:hidden;\r\n\t-webkit-box-shadow: 0 0px 0px rgba(0, 0, 0, .05);\r\n\tbox-shadow: 0 0px 0px rgba(0, 0, 0, .05);\r\n\t\t\tborder-radius: 0px;\r\n\t}\r\n#wpsm_accordion_764  .wpsm_panel + .wpsm_panel {\r\n\t\tmargin-top: 0px;\r\n\t}\r\n#wpsm_accordion_764  .wpsm_panel-body{\r\n\tbackground-color: !important;\r\n\tcolor: !important;\r\n\tborder-top-color:  !important;\r\n\tfont-size:px !important;\r\n\tfont-family:  !important;\r\n\toverflow: hidden;\r\n\t\tborder: 2px solid transparent !important;\r\n\t}\r\n\r\n#wpsm_accordion_764 .ac_open_cl_icon{\r\n\tbackground-color: !important;\r\n\tcolor:  !important;\r\n\tfloat: !important;\r\n\tpadding-top: 12px !important;\r\n\tpadding-bottom: 12px !important;\r\n\tline-height: 1.0 !important;\r\n\tpadding-left: 15px !important;\r\n\tpadding-right: 15px !important;\r\n\tdisplay: inline-block !important;\r\n}\r\n\r\n<\/style>\t\r\n\t\t\t<\/style>\r\n\t\t\t<div class=\"wpsm_panel-group\" id=\"wpsm_accordion_764\" >\r\n\t\t\t\t\t\t\t\t\r\n\t\t\t\t\t<!-- Inner panel Start -->\r\n\t\t\t\t\t<div class=\"wpsm_panel wpsm_panel-default\">\r\n\t\t\t\t\t\t<div class=\"wpsm_panel-heading\" role=\"tab\" >\r\n\t\t\t\t\t\t  <h4 class=\"wpsm_panel-title\">\r\n\t\t\t\t\t\t\t<a  class=\"\"  data-toggle=\"collapse\" data-parent=\"\" href=\"javascript:void(0)\" data-target=\"#ac_764_collapse1\" onclick=\"do_resize()\">\r\n\t\t\t\t\t\t\t\t \r\n\t\t\t\t\t\t\t\t<span class=\"ac_title_class\">\r\n\t\t\t\t\t\t\t\t\t\u00bfQu\u00e9 es la COMUNIDAD DE LA ATENCI\u00d3N SANITARIA DE IPSOS?\t\t\t\t\t\t\t\t<\/span>\r\n\t\t\t\t\t\t\t<\/a>\r\n\t\t\t\t\t\t  <\/h4>\r\n\t\t\t\t\t\t<\/div>\r\n\t\t\t\t\t\t<div id=\"ac_764_collapse1\" class=\"wpsm_panel-collapse collapse \"  >\r\n\t\t\t\t\t\t  <div class=\"wpsm_panel-body\">\r\n\t\t\t\t\t\t\t<p>El objetivo de la Comunidad de la Atenci\u00f3n Sanitaria es crear una plataforma sencilla y eficiente para usted. Esta plataforma nos permite mantenerle(a) informado(a) de los estudios que realizamos que podr\u00edan ser relevantes para usted e invitarle(a) a participar en ellos, pero tambi\u00e9n le permite a usted comprobar y cobrar sus inventivos con mayor rapidez y seguridad. Esperamos que tenga una experiencia gratificante y enriquecedora con la Comunidad de la Atenci\u00f3n Sanitaria de Ipsos, y esperamos contar con su participaci\u00f3n en nuestras encuestas.<\/p>\t\t\t\t\t\t  <\/div>\r\n\t\t\t\t\t\t<\/div>\r\n\t\t\t\t\t<\/div>\r\n\t\t\t\t\t<!-- Inner panel End -->\r\n\t\t\t\t\t\r\n\t\t\t\t\t\t\t\t\r\n\t\t\t\t\t<!-- Inner panel Start -->\r\n\t\t\t\t\t<div class=\"wpsm_panel wpsm_panel-default\">\r\n\t\t\t\t\t\t<div class=\"wpsm_panel-heading\" role=\"tab\" >\r\n\t\t\t\t\t\t  <h4 class=\"wpsm_panel-title\">\r\n\t\t\t\t\t\t\t<a  class=\"collapsed\"  data-toggle=\"collapse\" data-parent=\"\" href=\"javascript:void(0)\" data-target=\"#ac_764_collapse2\" onclick=\"do_resize()\">\r\n\t\t\t\t\t\t\t\t \r\n\t\t\t\t\t\t\t\t<span class=\"ac_title_class\">\r\n\t\t\t\t\t\t\t\t\t\u00bfQu\u00e9 suceder\u00e1 una vez que haya rellenado mi formulario de registro?\t\t\t\t\t\t\t\t<\/span>\r\n\t\t\t\t\t\t\t<\/a>\r\n\t\t\t\t\t\t  <\/h4>\r\n\t\t\t\t\t\t<\/div>\r\n\t\t\t\t\t\t<div id=\"ac_764_collapse2\" class=\"wpsm_panel-collapse collapse \"  >\r\n\t\t\t\t\t\t  <div class=\"wpsm_panel-body\">\r\n\t\t\t\t\t\t\t<p>Cuando haya rellenado su formulario de registro, recibir\u00e1 un correo electr\u00f3nico de confirmaci\u00f3n. Dicho correo de confirmaci\u00f3n contendr\u00e1 un enlace de activaci\u00f3n al que tendr\u00e1 que acceder para confirmar su suscripci\u00f3n a la Comunidad de la Atenci\u00f3n Sanitaria de Ipsos.<\/p>\r\n<p>Seguidamente, nos pondremos en contacto con usted por tel\u00e9fono o por correo electr\u00f3nico para validar su informaci\u00f3n, incluido su n\u00famero de colegiado m\u00e9dico, y solicitar una copia escaneada del documento. Una vez hayamos confirmado y validado su informaci\u00f3n, ya podr\u00e1 acceder a su cuenta y comenzar\u00e1 a recibir encuestas en las que podr\u00e1 participar.<\/p>\r\n\t\t\t\t\t\t  <\/div>\r\n\t\t\t\t\t\t<\/div>\r\n\t\t\t\t\t<\/div>\r\n\t\t\t\t\t<!-- Inner panel End -->\r\n\t\t\t\t\t\r\n\t\t\t\t\t\t\t\t\r\n\t\t\t\t\t<!-- Inner panel Start -->\r\n\t\t\t\t\t<div class=\"wpsm_panel wpsm_panel-default\">\r\n\t\t\t\t\t\t<div class=\"wpsm_panel-heading\" role=\"tab\" >\r\n\t\t\t\t\t\t  <h4 class=\"wpsm_panel-title\">\r\n\t\t\t\t\t\t\t<a  class=\"collapsed\"  data-toggle=\"collapse\" data-parent=\"\" href=\"javascript:void(0)\" data-target=\"#ac_764_collapse3\" onclick=\"do_resize()\">\r\n\t\t\t\t\t\t\t\t \r\n\t\t\t\t\t\t\t\t<span class=\"ac_title_class\">\r\n\t\t\t\t\t\t\t\t\t\u00bfC\u00f3mo puedo hacerme miembro?\t\t\t\t\t\t\t\t<\/span>\r\n\t\t\t\t\t\t\t<\/a>\r\n\t\t\t\t\t\t  <\/h4>\r\n\t\t\t\t\t\t<\/div>\r\n\t\t\t\t\t\t<div id=\"ac_764_collapse3\" class=\"wpsm_panel-collapse collapse \"  >\r\n\t\t\t\t\t\t  <div class=\"wpsm_panel-body\">\r\n\t\t\t\t\t\t\t<p>Una vez haya rellenado el formulario de registro, le enviaremos un enlace de activaci\u00f3n a la direcci\u00f3n de correo electr\u00f3nico que nos haya facilitado. Al hacer clic en este enlace, se finalizar\u00e1 el proceso de registro y su cuenta quedar\u00e1 activada.<\/p>\t\t\t\t\t\t  <\/div>\r\n\t\t\t\t\t\t<\/div>\r\n\t\t\t\t\t<\/div>\r\n\t\t\t\t\t<!-- Inner panel End -->\r\n\t\t\t\t\t\r\n\t\t\t\t\t\t\t\t\r\n\t\t\t\t\t<!-- Inner panel Start -->\r\n\t\t\t\t\t<div class=\"wpsm_panel wpsm_panel-default\">\r\n\t\t\t\t\t\t<div class=\"wpsm_panel-heading\" role=\"tab\" >\r\n\t\t\t\t\t\t  <h4 class=\"wpsm_panel-title\">\r\n\t\t\t\t\t\t\t<a  class=\"collapsed\"  data-toggle=\"collapse\" data-parent=\"\" href=\"javascript:void(0)\" data-target=\"#ac_764_collapse4\" onclick=\"do_resize()\">\r\n\t\t\t\t\t\t\t\t \r\n\t\t\t\t\t\t\t\t<span class=\"ac_title_class\">\r\n\t\t\t\t\t\t\t\t\tNo tengo n\u00famero de colegiado\t\t\t\t\t\t\t\t<\/span>\r\n\t\t\t\t\t\t\t<\/a>\r\n\t\t\t\t\t\t  <\/h4>\r\n\t\t\t\t\t\t<\/div>\r\n\t\t\t\t\t\t<div id=\"ac_764_collapse4\" class=\"wpsm_panel-collapse collapse \"  >\r\n\t\t\t\t\t\t  <div class=\"wpsm_panel-body\">\r\n\t\t\t\t\t\t\t<p>Como requisito para verificar su identidad, solicitamos que nos comunique su n\u00famero de colegiado cuando se registre en nuestro grupo.<\/p>\r\n<p>Si no tiene n\u00famero de colegiado, nuestro departamento de apoyo se pondr\u00e1 en contacto con usted para pedirle otros datos que podr\u00edan ser necesarios para finalizar el proceso de verificaci\u00f3n.<\/p>\t\t\t\t\t\t  <\/div>\r\n\t\t\t\t\t\t<\/div>\r\n\t\t\t\t\t<\/div>\r\n\t\t\t\t\t<!-- Inner panel End -->\r\n\t\t\t\t\t\r\n\t\t\t\t\t\t\t\t\r\n\t\t\t\t\t<!-- Inner panel Start -->\r\n\t\t\t\t\t<div class=\"wpsm_panel wpsm_panel-default\">\r\n\t\t\t\t\t\t<div class=\"wpsm_panel-heading\" role=\"tab\" >\r\n\t\t\t\t\t\t  <h4 class=\"wpsm_panel-title\">\r\n\t\t\t\t\t\t\t<a  class=\"collapsed\"  data-toggle=\"collapse\" data-parent=\"\" href=\"javascript:void(0)\" data-target=\"#ac_764_collapse5\" onclick=\"do_resize()\">\r\n\t\t\t\t\t\t\t\t \r\n\t\t\t\t\t\t\t\t<span class=\"ac_title_class\">\r\n\t\t\t\t\t\t\t\t\t\u00bfSe almacenar\u00e1 en condiciones seguras mi informaci\u00f3n personal?\t\t\t\t\t\t\t\t<\/span>\r\n\t\t\t\t\t\t\t<\/a>\r\n\t\t\t\t\t\t  <\/h4>\r\n\t\t\t\t\t\t<\/div>\r\n\t\t\t\t\t\t<div id=\"ac_764_collapse5\" class=\"wpsm_panel-collapse collapse \"  >\r\n\t\t\t\t\t\t  <div class=\"wpsm_panel-body\">\r\n\t\t\t\t\t\t\t<p>IPSOS se compromete firmemente a asegurar la privacidad de los integrantes de la Comunidad.<\/p>\r\n<p>La informaci\u00f3n que usted proporcione cuando pase a formar parte de la Comunidad de la Atenci\u00f3n Sanitaria de Ipsos nos permitir\u00e1 invitarle(a) a participar en encuestas que sean relevantes para usted y remunerarle por el tiempo que invierta en ellas. <\/p>\r\n<p>Puede examinar los documentos completos de nuestra <a href=\"https:\/\/www.hcscommunity.com\/IMG\/HCS_PP_ES.html\" rel=\"noopener\" target=\"_blank\">Pol\u00edtica de Privacidad<\/a> y nuestras <a href=\"https:\/\/www.hcscommunity.com\/IMG\/HCS_TC_ES.html\" rel=\"noopener\" target=\"_blank\">Condiciones<\/a> haciendo clic estos enlaces, que figuran tambi\u00e9n en el portal de miembros de la Comunidad de la Atenci\u00f3n Sanitaria de Ipsos y en nuestras invitaciones.<\/p>\t\t\t\t\t\t  <\/div>\r\n\t\t\t\t\t\t<\/div>\r\n\t\t\t\t\t<\/div>\r\n\t\t\t\t\t<!-- Inner panel End -->\r\n\t\t\t\t\t\r\n\t\t\t\t\t\t\t\t\r\n\t\t\t\t\t<!-- Inner panel Start -->\r\n\t\t\t\t\t<div class=\"wpsm_panel wpsm_panel-default\">\r\n\t\t\t\t\t\t<div class=\"wpsm_panel-heading\" role=\"tab\" >\r\n\t\t\t\t\t\t  <h4 class=\"wpsm_panel-title\">\r\n\t\t\t\t\t\t\t<a  class=\"collapsed\"  data-toggle=\"collapse\" data-parent=\"\" href=\"javascript:void(0)\" data-target=\"#ac_764_collapse6\" onclick=\"do_resize()\">\r\n\t\t\t\t\t\t\t\t \r\n\t\t\t\t\t\t\t\t<span class=\"ac_title_class\">\r\n\t\t\t\t\t\t\t\t\t\u00bfCu\u00e1ndo puedo participar en mi primera encuesta?\t\t\t\t\t\t\t\t<\/span>\r\n\t\t\t\t\t\t\t<\/a>\r\n\t\t\t\t\t\t  <\/h4>\r\n\t\t\t\t\t\t<\/div>\r\n\t\t\t\t\t\t<div id=\"ac_764_collapse6\" class=\"wpsm_panel-collapse collapse \"  >\r\n\t\t\t\t\t\t  <div class=\"wpsm_panel-body\">\r\n\t\t\t\t\t\t\t<p>Una vez que la informaci\u00f3n de su cuenta haya sido verificada y hayamos activado dicha cuenta, usted empezar\u00e1 a recibir invitaciones para participar en encuestas apropiadas a su perfil de conocimientos, a medida que estas vayan surgiendo.<\/p>\t\t\t\t\t\t  <\/div>\r\n\t\t\t\t\t\t<\/div>\r\n\t\t\t\t\t<\/div>\r\n\t\t\t\t\t<!-- Inner panel End -->\r\n\t\t\t\t\t\r\n\t\t\t\t\t\t\t\t\r\n\t\t\t\t\t<!-- Inner panel Start -->\r\n\t\t\t\t\t<div class=\"wpsm_panel wpsm_panel-default\">\r\n\t\t\t\t\t\t<div class=\"wpsm_panel-heading\" role=\"tab\" >\r\n\t\t\t\t\t\t  <h4 class=\"wpsm_panel-title\">\r\n\t\t\t\t\t\t\t<a  class=\"collapsed\"  data-toggle=\"collapse\" data-parent=\"\" href=\"javascript:void(0)\" data-target=\"#ac_764_collapse7\" onclick=\"do_resize()\">\r\n\t\t\t\t\t\t\t\t \r\n\t\t\t\t\t\t\t\t<span class=\"ac_title_class\">\r\n\t\t\t\t\t\t\t\t\t\u00bfCon cu\u00e1nta frecuencia recibir\u00e9 invitaciones para participar en encuestas?\t\t\t\t\t\t\t\t<\/span>\r\n\t\t\t\t\t\t\t<\/a>\r\n\t\t\t\t\t\t  <\/h4>\r\n\t\t\t\t\t\t<\/div>\r\n\t\t\t\t\t\t<div id=\"ac_764_collapse7\" class=\"wpsm_panel-collapse collapse \"  >\r\n\t\t\t\t\t\t  <div class=\"wpsm_panel-body\">\r\n\t\t\t\t\t\t\t<p>Le invitaremos a participar cuando surjan encuestas que coincidan con sus intereses y con su especialidad profesional.<\/p>\r\n<p>Podr\u00e1 rellenar estas encuestas en cualquier momento que le sea propicio, desde pr\u00e1cticamente cualquier ordenador con conexi\u00f3n a Internet, en casa o en su consulta. No tiene ninguna obligaci\u00f3n de participar en las encuestas.<\/p>\t\t\t\t\t\t  <\/div>\r\n\t\t\t\t\t\t<\/div>\r\n\t\t\t\t\t<\/div>\r\n\t\t\t\t\t<!-- Inner panel End -->\r\n\t\t\t\t\t\r\n\t\t\t\t\t\t\t\t\r\n\t\t\t\t\t<!-- Inner panel Start -->\r\n\t\t\t\t\t<div class=\"wpsm_panel wpsm_panel-default\">\r\n\t\t\t\t\t\t<div class=\"wpsm_panel-heading\" role=\"tab\" >\r\n\t\t\t\t\t\t  <h4 class=\"wpsm_panel-title\">\r\n\t\t\t\t\t\t\t<a  class=\"collapsed\"  data-toggle=\"collapse\" data-parent=\"\" href=\"javascript:void(0)\" data-target=\"#ac_764_collapse8\" onclick=\"do_resize()\">\r\n\t\t\t\t\t\t\t\t \r\n\t\t\t\t\t\t\t\t<span class=\"ac_title_class\">\r\n\t\t\t\t\t\t\t\t\t\u00bfCu\u00e1nto tardar\u00e9 en recibir mi Master Card?\t\t\t\t\t\t\t\t<\/span>\r\n\t\t\t\t\t\t\t<\/a>\r\n\t\t\t\t\t\t  <\/h4>\r\n\t\t\t\t\t\t<\/div>\r\n\t\t\t\t\t\t<div id=\"ac_764_collapse8\" class=\"wpsm_panel-collapse collapse \"  >\r\n\t\t\t\t\t\t  <div class=\"wpsm_panel-body\">\r\n\t\t\t\t\t\t\t<p>Una vez que haya canjeado su c\u00f3digo promocional Promocode por la tarjeta de prepago Master Card:\r\n<ul>\r\n<li>Si ha elegido una tarjeta virtual, su incentivo tardar\u00e1 de 5 a 10 d\u00edas laborables en llegar a su buz\u00f3n de correo electr\u00f3nico.<\/li>\r\n<li>Si ha elegido un incentivo con tarjeta Master Card f\u00edsica, tardar\u00e1 de 4 a 6 semanas en recibir el incentivo por correo postal.<\/li>\r\n<\/ul>\r\n<\/p>\t\t\t\t\t\t  <\/div>\r\n\t\t\t\t\t\t<\/div>\r\n\t\t\t\t\t<\/div>\r\n\t\t\t\t\t<!-- Inner panel End -->\r\n\t\t\t\t\t\r\n\t\t\t\t\t\t\t\t\r\n\t\t\t\t\t<!-- Inner panel Start -->\r\n\t\t\t\t\t<div class=\"wpsm_panel wpsm_panel-default\">\r\n\t\t\t\t\t\t<div class=\"wpsm_panel-heading\" role=\"tab\" >\r\n\t\t\t\t\t\t  <h4 class=\"wpsm_panel-title\">\r\n\t\t\t\t\t\t\t<a  class=\"collapsed\"  data-toggle=\"collapse\" data-parent=\"\" href=\"javascript:void(0)\" data-target=\"#ac_764_collapse9\" onclick=\"do_resize()\">\r\n\t\t\t\t\t\t\t\t \r\n\t\t\t\t\t\t\t\t<span class=\"ac_title_class\">\r\n\t\t\t\t\t\t\t\t\tNo puedo acceder a mi portal porque la contrase\u00f1a no es correcta\t\t\t\t\t\t\t\t<\/span>\r\n\t\t\t\t\t\t\t<\/a>\r\n\t\t\t\t\t\t  <\/h4>\r\n\t\t\t\t\t\t<\/div>\r\n\t\t\t\t\t\t<div id=\"ac_764_collapse9\" class=\"wpsm_panel-collapse collapse \"  >\r\n\t\t\t\t\t\t  <div class=\"wpsm_panel-body\">\r\n\t\t\t\t\t\t\t<p>Para acceder al portal de la Comunidad de la Atenci\u00f3n Sanitaria de Ipsos, el sistema requiere que introduzca <u>exactamente<\/u> la misma contrase\u00f1a de su cuenta que est\u00e1 almacenada en el sistema. Las may\u00fasculas y min\u00fasculas deben teclearse tal y como figuran en la contrase\u00f1a original.<\/p>\r\n<p>Si ha olvidado la contrase\u00f1a almacenada en su cuenta, puede:\r\n<ul>\r\n<li>Hacer clic en el bot\u00f3n \u00abHe olvidado mi contrase\u00f1a\u00bb de la p\u00e1gina de inicio, o bien<\/li>\r\n<li>Ponerse en contacto con nuestro equipo de apoyo a trav\u00e9s de <a href=\"mailto:Europe.Online@ipsos.com\" rel=\"noopener\" target=\"_blank\">Europe.Online@ipsos.com<\/a>, y le enviaremos un correo electr\u00f3nico para que pueda restablecer la contrase\u00f1a.<\/li>\r\n<\/ul>\r\n<\/p>\t\t\t\t\t\t  <\/div>\r\n\t\t\t\t\t\t<\/div>\r\n\t\t\t\t\t<\/div>\r\n\t\t\t\t\t<!-- Inner panel End -->\r\n\t\t\t\t\t\r\n\t\t\t\t\t\t\t\t\r\n\t\t\t\t\t<!-- Inner panel Start -->\r\n\t\t\t\t\t<div class=\"wpsm_panel wpsm_panel-default\">\r\n\t\t\t\t\t\t<div class=\"wpsm_panel-heading\" role=\"tab\" >\r\n\t\t\t\t\t\t  <h4 class=\"wpsm_panel-title\">\r\n\t\t\t\t\t\t\t<a  class=\"collapsed\"  data-toggle=\"collapse\" data-parent=\"\" href=\"javascript:void(0)\" data-target=\"#ac_764_collapse10\" onclick=\"do_resize()\">\r\n\t\t\t\t\t\t\t\t \r\n\t\t\t\t\t\t\t\t<span class=\"ac_title_class\">\r\n\t\t\t\t\t\t\t\t\trestablecer la contrase\u00f1a. \u00bfC\u00f3mo puedo comprobar el saldo de mis incentivos?\t\t\t\t\t\t\t\t<\/span>\r\n\t\t\t\t\t\t\t<\/a>\r\n\t\t\t\t\t\t  <\/h4>\r\n\t\t\t\t\t\t<\/div>\r\n\t\t\t\t\t\t<div id=\"ac_764_collapse10\" class=\"wpsm_panel-collapse collapse \"  >\r\n\t\t\t\t\t\t  <div class=\"wpsm_panel-body\">\r\n\t\t\t\t\t\t\t<p>Tras iniciar sesi\u00f3n en su cuenta de la Comunidad de la Atenci\u00f3n Sanitaria de Ipsos a trav\u00e9s del portal de miembros, podr\u00e1 consultar la cantidad de sus honorarios disponibles en la p\u00e1gina <b>Incentivos<\/b>.<\/p>\t\t\t\t\t\t  <\/div>\r\n\t\t\t\t\t\t<\/div>\r\n\t\t\t\t\t<\/div>\r\n\t\t\t\t\t<!-- Inner panel End -->\r\n\t\t\t\t\t\r\n\t\t\t\t\t\t\t\t\r\n\t\t\t\t\t<!-- Inner panel Start -->\r\n\t\t\t\t\t<div class=\"wpsm_panel wpsm_panel-default\">\r\n\t\t\t\t\t\t<div class=\"wpsm_panel-heading\" role=\"tab\" >\r\n\t\t\t\t\t\t  <h4 class=\"wpsm_panel-title\">\r\n\t\t\t\t\t\t\t<a  class=\"collapsed\"  data-toggle=\"collapse\" data-parent=\"\" href=\"javascript:void(0)\" data-target=\"#ac_764_collapse11\" onclick=\"do_resize()\">\r\n\t\t\t\t\t\t\t\t \r\n\t\t\t\t\t\t\t\t<span class=\"ac_title_class\">\r\n\t\t\t\t\t\t\t\t\t\u00bfM\u00e1s informaci\u00f3n sobre el sistema de recompensas?\t\t\t\t\t\t\t\t<\/span>\r\n\t\t\t\t\t\t\t<\/a>\r\n\t\t\t\t\t\t  <\/h4>\r\n\t\t\t\t\t\t<\/div>\r\n\t\t\t\t\t\t<div id=\"ac_764_collapse11\" class=\"wpsm_panel-collapse collapse \"  >\r\n\t\t\t\t\t\t  <div class=\"wpsm_panel-body\">\r\n\t\t\t\t\t\t\t<p>\r\nUna vez que lleva a cabo un estudio, su incentivo se asigna autom\u00e1ticamente a su cuenta. Usted puede entonces cobrar inmediatamente la cantidad o seguir acumulando saldo y cobrarlo m\u00e1s adelante.\r\n<\/p>\r\n<p>\r\nCuando lo desee, podr\u00e1 acceder a sus fondos de la siguiente manera:\r\n<ul>\r\n<li>Inicie sesi\u00f3n en su cuenta a trav\u00e9s del portal de miembros. <\/li>\r\n<li>Haga clic en \u00abMis recompensas\u00bb o filtre por categor\u00edas, marcas o valores.<\/li>\r\n<li>Elija una de las opciones para el incentivo que tenga disponibles en su cat\u00e1logo de premios.<\/li>\r\n<\/ul>\r\n<\/p>\t\t\t\t\t\t  <\/div>\r\n\t\t\t\t\t\t<\/div>\r\n\t\t\t\t\t<\/div>\r\n\t\t\t\t\t<!-- Inner panel End -->\r\n\t\t\t\t\t\r\n\t\t\t\t\t\t\t\t\r\n\t\t\t\t\t<!-- Inner panel Start -->\r\n\t\t\t\t\t<div class=\"wpsm_panel wpsm_panel-default\">\r\n\t\t\t\t\t\t<div class=\"wpsm_panel-heading\" role=\"tab\" >\r\n\t\t\t\t\t\t  <h4 class=\"wpsm_panel-title\">\r\n\t\t\t\t\t\t\t<a  class=\"collapsed\"  data-toggle=\"collapse\" data-parent=\"\" href=\"javascript:void(0)\" data-target=\"#ac_764_collapse12\" onclick=\"do_resize()\">\r\n\t\t\t\t\t\t\t\t \r\n\t\t\t\t\t\t\t\t<span class=\"ac_title_class\">\r\n\t\t\t\t\t\t\t\t\tHe respondido a una encuesta pero el incentivo no aparece en mi cuenta\t\t\t\t\t\t\t\t<\/span>\r\n\t\t\t\t\t\t\t<\/a>\r\n\t\t\t\t\t\t  <\/h4>\r\n\t\t\t\t\t\t<\/div>\r\n\t\t\t\t\t\t<div id=\"ac_764_collapse12\" class=\"wpsm_panel-collapse collapse \"  >\r\n\t\t\t\t\t\t  <div class=\"wpsm_panel-body\">\r\n\t\t\t\t\t\t\t<p>\r\nSi su incentivo no se ha a\u00f1adido a su saldo tras realizar un estudio, p\u00f3ngase en contacto con nuestro equipo de apoyo escribiendo a <a href=\"mailto:Europe.Online@ipsos.com\">Europe.Online@ipsos.com<\/a>.\r\n<\/p>\r\n<p>\r\nFacil\u00edtenos el n\u00famero completo de la encuesta y comprobaremos la incidencia a la mayor brevedad posible.\r\n<\/p>\t\t\t\t\t\t  <\/div>\r\n\t\t\t\t\t\t<\/div>\r\n\t\t\t\t\t<\/div>\r\n\t\t\t\t\t<!-- Inner panel End -->\r\n\t\t\t\t\t\r\n\t\t\t\t\t\t\t\t\r\n\t\t\t\t\t<!-- Inner panel Start -->\r\n\t\t\t\t\t<div class=\"wpsm_panel wpsm_panel-default\">\r\n\t\t\t\t\t\t<div class=\"wpsm_panel-heading\" role=\"tab\" >\r\n\t\t\t\t\t\t  <h4 class=\"wpsm_panel-title\">\r\n\t\t\t\t\t\t\t<a  class=\"collapsed\"  data-toggle=\"collapse\" data-parent=\"\" href=\"javascript:void(0)\" data-target=\"#ac_764_collapse13\" onclick=\"do_resize()\">\r\n\t\t\t\t\t\t\t\t \r\n\t\t\t\t\t\t\t\t<span class=\"ac_title_class\">\r\n\t\t\t\t\t\t\t\t\t\u00bfC\u00f3mo puedo darme de baja de la Comunidad de la Atenci\u00f3n Sanitaria de Ipsos?\t\t\t\t\t\t\t\t<\/span>\r\n\t\t\t\t\t\t\t<\/a>\r\n\t\t\t\t\t\t  <\/h4>\r\n\t\t\t\t\t\t<\/div>\r\n\t\t\t\t\t\t<div id=\"ac_764_collapse13\" class=\"wpsm_panel-collapse collapse \"  >\r\n\t\t\t\t\t\t  <div class=\"wpsm_panel-body\">\r\n\t\t\t\t\t\t\t<p>\r\nSu suscripci\u00f3n a la Comunidad de la Atenci\u00f3n Sanitaria de Ipsos es siempre voluntaria.\r\n<\/p>\r\n<p>\r\nSi ya no desea participar en nuestras encuestas:\r\n<ol>\r\n<li>Inicie sesi\u00f3n en su cuenta<\/li>\r\n<li>Haga clic en \u00abActualizar perfil\u00bb<\/li>\r\n<li>Navegue hasta el pie de la p\u00e1gina <\/li>\r\n<li>Haga clic en el enlace para cancelar su suscripci\u00f3n.<\/li>\r\n<\/ol>\r\n<\/p>\r\n<p>\r\nTambi\u00e9n puede dirigirse a nuestro equipo de apoyo a trav\u00e9s de <a href=\"mailto:Europe.Online@ipsos.com\">Europe.Online@ipsos.com<\/a> para informarnos de que desea cancelar su suscripci\u00f3n.\r\n<\/p>\r\n<p>\r\nAseg\u00farese de comprobar que ha cobrado todo el saldo disponible de su cuenta antes de cancelar su suscripci\u00f3n. Si m\u00e1s adelante decide reactivar su cuenta, p\u00f3ngase en contacto con nuestro equipo de apoyo a trav\u00e9s de <a href=\"mailto:Europe.Online@ipsos.com\">Europe.Online@ipsos.com<\/a>.\r\n<\/p>\t\t\t\t\t\t  <\/div>\r\n\t\t\t\t\t\t<\/div>\r\n\t\t\t\t\t<\/div>\r\n\t\t\t\t\t<!-- Inner panel End -->\r\n\t\t\t\t\t\r\n\t\t\t\t\t\t\t\t\r\n\t\t\t\t\t<!-- Inner panel Start -->\r\n\t\t\t\t\t<div class=\"wpsm_panel wpsm_panel-default\">\r\n\t\t\t\t\t\t<div class=\"wpsm_panel-heading\" role=\"tab\" >\r\n\t\t\t\t\t\t  <h4 class=\"wpsm_panel-title\">\r\n\t\t\t\t\t\t\t<a  class=\"collapsed\"  data-toggle=\"collapse\" data-parent=\"\" href=\"javascript:void(0)\" data-target=\"#ac_764_collapse14\" onclick=\"do_resize()\">\r\n\t\t\t\t\t\t\t\t \r\n\t\t\t\t\t\t\t\t<span class=\"ac_title_class\">\r\n\t\t\t\t\t\t\t\t\tNo veo respuesta a mi pregunta\t\t\t\t\t\t\t\t<\/span>\r\n\t\t\t\t\t\t\t<\/a>\r\n\t\t\t\t\t\t  <\/h4>\r\n\t\t\t\t\t\t<\/div>\r\n\t\t\t\t\t\t<div id=\"ac_764_collapse14\" class=\"wpsm_panel-collapse collapse \"  >\r\n\t\t\t\t\t\t  <div class=\"wpsm_panel-body\">\r\n\t\t\t\t\t\t\t<p>Si tiene alguna otra pregunta, no dude en traslad\u00e1rsela a nuestro equipo de apoyo, escribiendo a <a href=\"mailto:europe.online@ipsos.com\">europe.online@ipsos.com<\/a>. <\/p>\t\t\t\t\t\t  <\/div>\r\n\t\t\t\t\t\t<\/div>\r\n\t\t\t\t\t<\/div>\r\n\t\t\t\t\t<!-- Inner panel End -->\r\n\t\t\t\t\t\r\n\t\t\t\t\t\t\t<\/div>\r\n\t\t\t\r\n<script type=\"text\/javascript\">\r\n\t\r\n\t\tfunction do_resize(){\r\n\r\n\t\t\tvar width=jQuery( '.wpsm_panel .wpsm_panel-body iframe' ).width();\r\n\t\t\tvar height=jQuery( '.wpsm_panel .wpsm_panel-body iframe' ).height();\r\n\r\n\t\t\tvar toggleSize = true;\r\n\t\t\tjQuery('iframe').animate({\r\n\t\t\t    width: toggleSize ? width : 640,\r\n\t\t\t    height: toggleSize ? height : 360\r\n\t\t\t  }, 250);\r\n\r\n\t\t\t  toggleSize = !toggleSize;\r\n\t\t}\r\n\t\t\r\n<\/script>\t\n","protected":false},"excerpt":{"rendered":"","protected":false},"author":2,"featured_media":0,"parent":0,"menu_order":0,"comment_status":"closed","ping_status":"closed","template":"","meta":{"site-sidebar-layout":"default","site-content-layout":"","ast-site-content-layout":"default","site-content-style":"default","site-sidebar-style":"default","ast-global-header-display":"","ast-banner-title-visibility":"","ast-main-header-display":"","ast-hfb-above-header-display":"","ast-hfb-below-header-display":"","ast-hfb-mobile-header-display":"","site-post-title":"","ast-breadcrumbs-content":"","ast-featured-img":"","footer-sml-layout":"","ast-disable-related-posts":"","theme-transparent-header-meta":"","adv-header-id-meta":"","stick-header-meta":"","header-above-stick-meta":"","header-main-stick-meta":"","header-below-stick-meta":"","astra-migrate-meta-layouts":"default","ast-page-background-enabled":"default","ast-page-background-meta":{"desktop":{"background-color":"var(--ast-global-color-5)","background-image":"","background-repeat":"repeat","background-position":"center center","background-size":"auto","background-attachment":"scroll","background-type":"","background-media":"","overlay-type":"","overlay-color":"","overlay-opacity":"","overlay-gradient":""},"tablet":{"background-color":"","background-image":"","background-repeat":"repeat","background-position":"center center","background-size":"auto","background-attachment":"scroll","background-type":"","background-media":"","overlay-type":"","overlay-color":"","overlay-opacity":"","overlay-gradient":""},"mobile":{"background-color":"","background-image":"","background-repeat":"repeat","background-position":"center center","background-size":"auto","background-attachment":"scroll","background-type":"","background-media":"","overlay-type":"","overlay-color":"","overlay-opacity":"","overlay-gradient":""}},"ast-content-background-meta":{"desktop":{"background-color":"var(--ast-global-color-4)","background-image":"","background-repeat":"repeat","background-position":"center center","background-size":"auto","background-attachment":"scroll","background-type":"","background-media":"","overlay-type":"","overlay-color":"","overlay-opacity":"","overlay-gradient":""},"tablet":{"background-color":"var(--ast-global-color-4)","background-image":"","background-repeat":"repeat","background-position":"center center","background-size":"auto","background-attachment":"scroll","background-type":"","background-media":"","overlay-type":"","overlay-color":"","overlay-opacity":"","overlay-gradient":""},"mobile":{"background-color":"var(--ast-global-color-4)","background-image":"","background-repeat":"repeat","background-position":"center center","background-size":"auto","background-attachment":"scroll","background-type":"","background-media":"","overlay-type":"","overlay-color":"","overlay-opacity":"","overlay-gradient":""}},"footnotes":""},"class_list":["post-188","page","type-page","status-publish","hentry"],"_links":{"self":[{"href":"https:\/\/www.ipsoshealthcarecommunity.com\/es\/wp-json\/wp\/v2\/pages\/188","targetHints":{"allow":["GET"]}}],"collection":[{"href":"https:\/\/www.ipsoshealthcarecommunity.com\/es\/wp-json\/wp\/v2\/pages"}],"about":[{"href":"https:\/\/www.ipsoshealthcarecommunity.com\/es\/wp-json\/wp\/v2\/types\/page"}],"author":[{"embeddable":true,"href":"https:\/\/www.ipsoshealthcarecommunity.com\/es\/wp-json\/wp\/v2\/users\/2"}],"replies":[{"embeddable":true,"href":"https:\/\/www.ipsoshealthcarecommunity.com\/es\/wp-json\/wp\/v2\/comments?post=188"}],"version-history":[{"count":4,"href":"https:\/\/www.ipsoshealthcarecommunity.com\/es\/wp-json\/wp\/v2\/pages\/188\/revisions"}],"predecessor-version":[{"id":779,"href":"https:\/\/www.ipsoshealthcarecommunity.com\/es\/wp-json\/wp\/v2\/pages\/188\/revisions\/779"}],"wp:attachment":[{"href":"https:\/\/www.ipsoshealthcarecommunity.com\/es\/wp-json\/wp\/v2\/media?parent=188"}],"curies":[{"name":"wp","href":"https:\/\/api.w.org\/{rel}","templated":true}]}}