{"id":196,"date":"2018-08-09T13:52:53","date_gmt":"2018-08-09T13:52:53","guid":{"rendered":"http:\/\/www.ipsoshealthcarecommunity.com\/?page_id=196"},"modified":"2025-02-25T14:46:38","modified_gmt":"2025-02-25T14:46:38","slug":"home","status":"publish","type":"page","link":"https:\/\/www.ipsoshealthcarecommunity.com\/es\/","title":{"rendered":"Home"},"content":{"rendered":"\t\t<div data-elementor-type=\"wp-page\" data-elementor-id=\"196\" class=\"elementor elementor-196 elementor-12\">\n\t\t\t\t<div class=\"elementor-element elementor-element-93e9af7 e-flex e-con-boxed e-con e-parent\" data-id=\"93e9af7\" data-element_type=\"container\" data-e-type=\"container\">\n\t\t\t\t\t<div class=\"e-con-inner\">\n\t\t\t\t<div class=\"elementor-element elementor-element-4eda50a elementor-widget elementor-widget-heading\" data-id=\"4eda50a\" data-element_type=\"widget\" data-e-type=\"widget\" data-widget_type=\"heading.default\">\n\t\t\t\t<div class=\"elementor-widget-container\">\n\t\t\t\t\t<h1 class=\"elementor-heading-title elementor-size-default\">\u00a1Bienvenido(a) a la Comunidad de Miembros de Ipsos Healthcare!<\/h1>\t\t\t\t<\/div>\n\t\t\t\t<\/div>\n\t\t\t\t<div class=\"elementor-element elementor-element-57d58a2 elementor-widget elementor-widget-text-editor\" data-id=\"57d58a2\" data-element_type=\"widget\" data-e-type=\"widget\" data-widget_type=\"text-editor.default\">\n\t\t\t\t<div class=\"elementor-widget-container\">\n\t\t\t\t\t\t\t\t\t<p>Cada d\u00eda, Ipsos Healthcare permite a nuestros clientes (desde el mayor laboratorio farmac\u00e9utico del mundo hasta la Organizaci\u00f3n Mundial de la Salud) tomar las mejores decisiones e inspirar una mejor atenci\u00f3n sanitaria.<\/p><p>Lavoriamo fianco a fianco con medici, pazienti e altri operatori sanitari in tutto il mondo che condividono con noi idee, esperienze e opinioni per aiutarci a plasmare il futuro di questo settore.<\/p><p>La participaci\u00f3n de\u00a0<i>usted<\/i>\u00a0en nuestros estudios permite a Ipsos Healthcare dar a conocer nuestra visi\u00f3n de lo que constituye\u00a0<i>inspirar una mejor atenci\u00f3n sanitaria<\/i>.<\/p><p>Nuestro objeto es proporcionar una experiencia gratificante y segura a los miembros de nuestro panel.<\/p><p>\u00danase hoy a la\u00a0<b>Comunidad de Miembros de Ipsos Healthcare<\/b>\u00a0y ayude a inspirar la atenci\u00f3n sanitaria del d\u00eda de ma\u00f1ana.<\/p><p><b>S\u00edganos aqu\u00ed:<\/b><\/p><p><a href=\"https:\/\/www.linkedin.com\/company\/ipsos-healthcare\/\" target=\"_blank\" rel=\"noreferrer noopener\"><img decoding=\"async\" class=\"wp-image-855\" src=\"http:\/\/www.ipsoshealthcarecommunity.com\/wp-content\/uploads\/2019\/01\/linkedintrans.png\" alt=\"\" width=\"30\" height=\"30\" \/><\/a>\u00a0<a href=\"https:\/\/www.linkedin.com\/company\/ipsos-healthcare\/\" target=\"_blank\" rel=\"noopener\">Ipsos Healthcare<\/a><br \/><a href=\"http:\/\/www.ipsoshealthcare.com\/\" target=\"_blank\" rel=\"noopener\">www.ipsoshealthcare.com<\/a><\/p>\t\t\t\t\t\t\t\t<\/div>\n\t\t\t\t<\/div>\n\t\t\t\t\t<\/div>\n\t\t\t\t<\/div>\n\t\t\t\t<\/div>\n\t\t","protected":false},"excerpt":{"rendered":"<p>\u00a1Bienvenido(a) a la Comunidad de Miembros de Ipsos Healthcare! Cada d\u00eda, Ipsos Healthcare permite a nuestros clientes (desde el mayor [&hellip;]<\/p>\n","protected":false},"author":1,"featured_media":0,"parent":0,"menu_order":0,"comment_status":"closed","ping_status":"closed","template":"elementor_theme","meta":{"site-sidebar-layout":"default","site-content-layout":"","ast-site-content-layout":"default","site-content-style":"default","site-sidebar-style":"default","ast-global-header-display":"","ast-banner-title-visibility":"","ast-main-header-display":"","ast-hfb-above-header-display":"","ast-hfb-below-header-display":"","ast-hfb-mobile-header-display":"","site-post-title":"","ast-breadcrumbs-content":"","ast-featured-img":"","footer-sml-layout":"","ast-disable-related-posts":"","theme-transparent-header-meta":"","adv-header-id-meta":"","stick-header-meta":"","header-above-stick-meta":"","header-main-stick-meta":"","header-below-stick-meta":"","astra-migrate-meta-layouts":"default","ast-page-background-enabled":"default","ast-page-background-meta":{"desktop":{"background-color":"var(--ast-global-color-5)","background-image":"","background-repeat":"repeat","background-position":"center center","background-size":"auto","background-attachment":"scroll","background-type":"","background-media":"","overlay-type":"","overlay-color":"","overlay-opacity":"","overlay-gradient":""},"tablet":{"background-color":"","background-image":"","background-repeat":"repeat","background-position":"center center","background-size":"auto","background-attachment":"scroll","background-type":"","background-media":"","overlay-type":"","overlay-color":"","overlay-opacity":"","overlay-gradient":""},"mobile":{"background-color":"","background-image":"","background-repeat":"repeat","background-position":"center center","background-size":"auto","background-attachment":"scroll","background-type":"","background-media":"","overlay-type":"","overlay-color":"","overlay-opacity":"","overlay-gradient":""}},"ast-content-background-meta":{"desktop":{"background-color":"var(--ast-global-color-4)","background-image":"","background-repeat":"repeat","background-position":"center center","background-size":"auto","background-attachment":"scroll","background-type":"","background-media":"","overlay-type":"","overlay-color":"","overlay-opacity":"","overlay-gradient":""},"tablet":{"background-color":"var(--ast-global-color-4)","background-image":"","background-repeat":"repeat","background-position":"center center","background-size":"auto","background-attachment":"scroll","background-type":"","background-media":"","overlay-type":"","overlay-color":"","overlay-opacity":"","overlay-gradient":""},"mobile":{"background-color":"var(--ast-global-color-4)","background-image":"","background-repeat":"repeat","background-position":"center center","background-size":"auto","background-attachment":"scroll","background-type":"","background-media":"","overlay-type":"","overlay-color":"","overlay-opacity":"","overlay-gradient":""}},"footnotes":""},"class_list":["post-196","page","type-page","status-publish","hentry"],"_links":{"self":[{"href":"https:\/\/www.ipsoshealthcarecommunity.com\/es\/wp-json\/wp\/v2\/pages\/196","targetHints":{"allow":["GET"]}}],"collection":[{"href":"https:\/\/www.ipsoshealthcarecommunity.com\/es\/wp-json\/wp\/v2\/pages"}],"about":[{"href":"https:\/\/www.ipsoshealthcarecommunity.com\/es\/wp-json\/wp\/v2\/types\/page"}],"author":[{"embeddable":true,"href":"https:\/\/www.ipsoshealthcarecommunity.com\/es\/wp-json\/wp\/v2\/users\/1"}],"replies":[{"embeddable":true,"href":"https:\/\/www.ipsoshealthcarecommunity.com\/es\/wp-json\/wp\/v2\/comments?post=196"}],"version-history":[{"count":18,"href":"https:\/\/www.ipsoshealthcarecommunity.com\/es\/wp-json\/wp\/v2\/pages\/196\/revisions"}],"predecessor-version":[{"id":1640,"href":"https:\/\/www.ipsoshealthcarecommunity.com\/es\/wp-json\/wp\/v2\/pages\/196\/revisions\/1640"}],"wp:attachment":[{"href":"https:\/\/www.ipsoshealthcarecommunity.com\/es\/wp-json\/wp\/v2\/media?parent=196"}],"curies":[{"name":"wp","href":"https:\/\/api.w.org\/{rel}","templated":true}]}}