{"id":721,"date":"2018-11-27T13:37:12","date_gmt":"2018-11-27T13:37:12","guid":{"rendered":"http:\/\/www.ipsoshealthcarecommunity.com\/?page_id=721"},"modified":"2021-05-07T08:53:38","modified_gmt":"2021-05-07T08:53:38","slug":"perspectivas","status":"publish","type":"page","link":"https:\/\/www.ipsoshealthcarecommunity.com\/es\/perspectivas\/","title":{"rendered":"Perspectivas"},"content":{"rendered":"\n<h2 class=\"wp-block-heading\">La opini\u00f3n de nuestra comunidad en acci\u00f3n<\/h2>\n\n\n\n<p>Haga clic en los enlaces siguientes para ver infograf\u00edas recientes sobre una variedad de temas\u2026<\/p>\n<p><a href=\"https:\/\/www.hcscommunity.com\/IMG\/solid_tumour_ES.pdf\">HIV report<\/a><\/p>\n<p>En Ingl\u00e9s:<\/p>\n<p><a href=\"https:\/\/hcscommunity.com\/IMG\/Conference_Haemophilia.pdf\" target=\"_blank\" rel=\"noopener noreferrer\">EAHAD 2021 \u2013 Prophylaxis vs on-demand treatment in haemophilia <\/a><\/p>\n<p><a href=\"https:\/\/hcscommunity.com\/IMG\/Infographic_HIV.pdf\">Impact of COVID-19 on HIV Patient Treatment: 2020 in Review<\/a><\/p>\n<p><a href=\"https:\/\/hcscommunity.com\/IMG\/OARSI_Conference2.pdf\">OARSI 2021 \u2013 Treatment of knee osteoarthritis before &amp; during COVID-19<\/a><\/p>\n<p><a href=\"https:\/\/hcscommunity.com\/IMG\/OARSI_Conference.pdf\">OARSI 2021 \u2013 Characteristics &amp; management of knee osteoarthritis patients with hypertension by clinician speciality<\/a><\/p>\n<p><a href=\"https:\/\/hcscommunity.com\/imG\/Patient_AD.pdf\">Point of View \u2013 Patient Engagement in Atopic Dermatitis<\/a><\/p>\n","protected":false},"excerpt":{"rendered":"<p>La opini\u00f3n de nuestra comunidad en acci\u00f3n Haga clic en los enlaces siguientes para ver infograf\u00edas recientes sobre una variedad [&hellip;]<\/p>\n","protected":false},"author":1,"featured_media":0,"parent":0,"menu_order":0,"comment_status":"closed","ping_status":"closed","template":"","meta":{"site-sidebar-layout":"default","site-content-layout":"","ast-site-content-layout":"default","site-content-style":"default","site-sidebar-style":"default","ast-global-header-display":"","ast-banner-title-visibility":"","ast-main-header-display":"","ast-hfb-above-header-display":"","ast-hfb-below-header-display":"","ast-hfb-mobile-header-display":"","site-post-title":"","ast-breadcrumbs-content":"","ast-featured-img":"","footer-sml-layout":"","ast-disable-related-posts":"","theme-transparent-header-meta":"","adv-header-id-meta":"","stick-header-meta":"","header-above-stick-meta":"","header-main-stick-meta":"","header-below-stick-meta":"","astra-migrate-meta-layouts":"default","ast-page-background-enabled":"default","ast-page-background-meta":{"desktop":{"background-color":"var(--ast-global-color-5)","background-image":"","background-repeat":"repeat","background-position":"center center","background-size":"auto","background-attachment":"scroll","background-type":"","background-media":"","overlay-type":"","overlay-color":"","overlay-opacity":"","overlay-gradient":""},"tablet":{"background-color":"","background-image":"","background-repeat":"repeat","background-position":"center center","background-size":"auto","background-attachment":"scroll","background-type":"","background-media":"","overlay-type":"","overlay-color":"","overlay-opacity":"","overlay-gradient":""},"mobile":{"background-color":"","background-image":"","background-repeat":"repeat","background-position":"center center","background-size":"auto","background-attachment":"scroll","background-type":"","background-media":"","overlay-type":"","overlay-color":"","overlay-opacity":"","overlay-gradient":""}},"ast-content-background-meta":{"desktop":{"background-color":"var(--ast-global-color-4)","background-image":"","background-repeat":"repeat","background-position":"center center","background-size":"auto","background-attachment":"scroll","background-type":"","background-media":"","overlay-type":"","overlay-color":"","overlay-opacity":"","overlay-gradient":""},"tablet":{"background-color":"var(--ast-global-color-4)","background-image":"","background-repeat":"repeat","background-position":"center center","background-size":"auto","background-attachment":"scroll","background-type":"","background-media":"","overlay-type":"","overlay-color":"","overlay-opacity":"","overlay-gradient":""},"mobile":{"background-color":"var(--ast-global-color-4)","background-image":"","background-repeat":"repeat","background-position":"center center","background-size":"auto","background-attachment":"scroll","background-type":"","background-media":"","overlay-type":"","overlay-color":"","overlay-opacity":"","overlay-gradient":""}},"footnotes":""},"class_list":["post-721","page","type-page","status-publish","hentry"],"_links":{"self":[{"href":"https:\/\/www.ipsoshealthcarecommunity.com\/es\/wp-json\/wp\/v2\/pages\/721","targetHints":{"allow":["GET"]}}],"collection":[{"href":"https:\/\/www.ipsoshealthcarecommunity.com\/es\/wp-json\/wp\/v2\/pages"}],"about":[{"href":"https:\/\/www.ipsoshealthcarecommunity.com\/es\/wp-json\/wp\/v2\/types\/page"}],"author":[{"embeddable":true,"href":"https:\/\/www.ipsoshealthcarecommunity.com\/es\/wp-json\/wp\/v2\/users\/1"}],"replies":[{"embeddable":true,"href":"https:\/\/www.ipsoshealthcarecommunity.com\/es\/wp-json\/wp\/v2\/comments?post=721"}],"version-history":[{"count":3,"href":"https:\/\/www.ipsoshealthcarecommunity.com\/es\/wp-json\/wp\/v2\/pages\/721\/revisions"}],"predecessor-version":[{"id":1248,"href":"https:\/\/www.ipsoshealthcarecommunity.com\/es\/wp-json\/wp\/v2\/pages\/721\/revisions\/1248"}],"wp:attachment":[{"href":"https:\/\/www.ipsoshealthcarecommunity.com\/es\/wp-json\/wp\/v2\/media?parent=721"}],"curies":[{"name":"wp","href":"https:\/\/api.w.org\/{rel}","templated":true}]}}