{"id":136,"date":"2018-08-08T12:03:05","date_gmt":"2018-08-08T12:03:05","guid":{"rendered":"http:\/\/www.ipsoshealthcarecommunity.com\/?page_id=136"},"modified":"2025-02-25T14:43:41","modified_gmt":"2025-02-25T14:43:41","slug":"accueil","status":"publish","type":"page","link":"https:\/\/www.ipsoshealthcarecommunity.com\/fr\/","title":{"rendered":"Home"},"content":{"rendered":"\t\t<div data-elementor-type=\"wp-page\" data-elementor-id=\"136\" class=\"elementor elementor-136 elementor-12\">\n\t\t\t\t<div class=\"elementor-element elementor-element-631f5d7 e-flex e-con-boxed e-con e-parent\" data-id=\"631f5d7\" data-element_type=\"container\" data-e-type=\"container\">\n\t\t\t\t\t<div class=\"e-con-inner\">\n\t\t\t\t<div class=\"elementor-element elementor-element-4eda50a elementor-widget elementor-widget-heading\" data-id=\"4eda50a\" data-element_type=\"widget\" data-e-type=\"widget\" data-widget_type=\"heading.default\">\n\t\t\t\t<div class=\"elementor-widget-container\">\n\t\t\t\t\t<h1 class=\"elementor-heading-title elementor-size-default\">Bienvenue \u00e0 la Communaut\u00e9 d\u2019intervenants d\u2019Ipsos Healthcare !<\/h1>\t\t\t\t<\/div>\n\t\t\t\t<\/div>\n\t\t\t\t<div class=\"elementor-element elementor-element-57d58a2 elementor-widget elementor-widget-text-editor\" data-id=\"57d58a2\" data-element_type=\"widget\" data-e-type=\"widget\" data-widget_type=\"text-editor.default\">\n\t\t\t\t<div class=\"elementor-widget-container\">\n\t\t\t\t\t\t\t\t\t<h2>Bienvenue \u00e0 la Communaut\u00e9 d\u2019intervenants d\u2019Ipsos Healthcare !<\/h2><p>Chaque jour, Ipsos Healthcare permet \u00e0 ses clients \u2013 allant du plus grand laboratoire pharmaceutique du monde \u00e0 l\u2019Organisation mondiale de la sant\u00e9 \u2013 \u00e0 prendre de meilleures d\u00e9cisions et \u00e0 inspirer de meilleurs soins de sant\u00e9.<\/p><p>Nous collaborons \u00e9troitement avec des m\u00e9decins, des patients et d\u2019autres parties prenantes dans la sant\u00e9 du monde entier, qui nous font part de leurs connaissances, leur expertise et leurs opinions pour nous aider \u00e0 fa\u00e7onner l\u2019avenir des soins de sant\u00e9.<\/p><p><i>Votre<\/i>\u00a0participation \u00e0 nos recherches permet \u00e0 Ipsos Healthcare de concr\u00e9tiser sar vision, qui est d\u2019<i>inspirer de meilleurs soins de sant\u00e9.<\/i><\/p><p>Notre objectif est d\u2019offrir aux membres de notre panel une exp\u00e9rience s\u00e9curis\u00e9e et enrichissante.<\/p><p>Rejoignez aujourd\u2019hui la\u00a0<b>Communaut\u00e9 d\u2019intervenants d\u2019Ipsos Healthcare<\/b>\u00a0pour inspirer les soins de sant\u00e9 de demain.<\/p><p><b>Vous pouvez nous suivre sur :<\/b><\/p><p><a href=\"https:\/\/www.linkedin.com\/company\/ipsos-healthcare\/\" target=\"_blank\" rel=\"noreferrer noopener\"><img decoding=\"async\" class=\"wp-image-855\" src=\"http:\/\/www.ipsoshealthcarecommunity.com\/wp-content\/uploads\/2019\/01\/linkedintrans.png\" alt=\"\" width=\"30\" height=\"30\" \/><\/a>\u00a0<a href=\"https:\/\/www.linkedin.com\/company\/ipsos-healthcare\/\" target=\"_blank\" rel=\"noopener\">Ipsos Healthcare<\/a><\/p><p><a href=\"http:\/\/www.ipsoshealthcare.com\/\" target=\"_blank\" rel=\"noopener\">www.ipsoshealthcare.com<\/a><\/p>\t\t\t\t\t\t\t\t<\/div>\n\t\t\t\t<\/div>\n\t\t\t\t\t<\/div>\n\t\t\t\t<\/div>\n\t\t\t\t<\/div>\n\t\t","protected":false},"excerpt":{"rendered":"<p>Bienvenue \u00e0 la Communaut\u00e9 d\u2019intervenants d\u2019Ipsos Healthcare ! Bienvenue \u00e0 la Communaut\u00e9 d\u2019intervenants d\u2019Ipsos Healthcare ! Chaque jour, Ipsos Healthcare [&hellip;]<\/p>\n","protected":false},"author":2,"featured_media":0,"parent":0,"menu_order":0,"comment_status":"closed","ping_status":"closed","template":"elementor_theme","meta":{"site-sidebar-layout":"default","site-content-layout":"","ast-site-content-layout":"default","site-content-style":"default","site-sidebar-style":"default","ast-global-header-display":"","ast-banner-title-visibility":"","ast-main-header-display":"","ast-hfb-above-header-display":"","ast-hfb-below-header-display":"","ast-hfb-mobile-header-display":"","site-post-title":"","ast-breadcrumbs-content":"","ast-featured-img":"","footer-sml-layout":"","ast-disable-related-posts":"","theme-transparent-header-meta":"","adv-header-id-meta":"","stick-header-meta":"","header-above-stick-meta":"","header-main-stick-meta":"","header-below-stick-meta":"","astra-migrate-meta-layouts":"default","ast-page-background-enabled":"default","ast-page-background-meta":{"desktop":{"background-color":"var(--ast-global-color-5)","background-image":"","background-repeat":"repeat","background-position":"center center","background-size":"auto","background-attachment":"scroll","background-type":"","background-media":"","overlay-type":"","overlay-color":"","overlay-opacity":"","overlay-gradient":""},"tablet":{"background-color":"","background-image":"","background-repeat":"repeat","background-position":"center center","background-size":"auto","background-attachment":"scroll","background-type":"","background-media":"","overlay-type":"","overlay-color":"","overlay-opacity":"","overlay-gradient":""},"mobile":{"background-color":"","background-image":"","background-repeat":"repeat","background-position":"center center","background-size":"auto","background-attachment":"scroll","background-type":"","background-media":"","overlay-type":"","overlay-color":"","overlay-opacity":"","overlay-gradient":""}},"ast-content-background-meta":{"desktop":{"background-color":"var(--ast-global-color-4)","background-image":"","background-repeat":"repeat","background-position":"center center","background-size":"auto","background-attachment":"scroll","background-type":"","background-media":"","overlay-type":"","overlay-color":"","overlay-opacity":"","overlay-gradient":""},"tablet":{"background-color":"var(--ast-global-color-4)","background-image":"","background-repeat":"repeat","background-position":"center center","background-size":"auto","background-attachment":"scroll","background-type":"","background-media":"","overlay-type":"","overlay-color":"","overlay-opacity":"","overlay-gradient":""},"mobile":{"background-color":"var(--ast-global-color-4)","background-image":"","background-repeat":"repeat","background-position":"center center","background-size":"auto","background-attachment":"scroll","background-type":"","background-media":"","overlay-type":"","overlay-color":"","overlay-opacity":"","overlay-gradient":""}},"footnotes":""},"class_list":["post-136","page","type-page","status-publish","hentry"],"_links":{"self":[{"href":"https:\/\/www.ipsoshealthcarecommunity.com\/fr\/wp-json\/wp\/v2\/pages\/136","targetHints":{"allow":["GET"]}}],"collection":[{"href":"https:\/\/www.ipsoshealthcarecommunity.com\/fr\/wp-json\/wp\/v2\/pages"}],"about":[{"href":"https:\/\/www.ipsoshealthcarecommunity.com\/fr\/wp-json\/wp\/v2\/types\/page"}],"author":[{"embeddable":true,"href":"https:\/\/www.ipsoshealthcarecommunity.com\/fr\/wp-json\/wp\/v2\/users\/2"}],"replies":[{"embeddable":true,"href":"https:\/\/www.ipsoshealthcarecommunity.com\/fr\/wp-json\/wp\/v2\/comments?post=136"}],"version-history":[{"count":29,"href":"https:\/\/www.ipsoshealthcarecommunity.com\/fr\/wp-json\/wp\/v2\/pages\/136\/revisions"}],"predecessor-version":[{"id":1630,"href":"https:\/\/www.ipsoshealthcarecommunity.com\/fr\/wp-json\/wp\/v2\/pages\/136\/revisions\/1630"}],"wp:attachment":[{"href":"https:\/\/www.ipsoshealthcarecommunity.com\/fr\/wp-json\/wp\/v2\/media?parent=136"}],"curies":[{"name":"wp","href":"https:\/\/api.w.org\/{rel}","templated":true}]}}